{"id":11331,"date":"2025-01-28T22:38:55","date_gmt":"2025-01-28T21:38:55","guid":{"rendered":"https:\/\/spszklarygorne.pl\/?page_id=11331"},"modified":"2025-02-06T08:54:38","modified_gmt":"2025-02-06T07:54:38","slug":"rekrutacja-2025","status":"publish","type":"page","link":"https:\/\/spszklarygorne.pl\/?page_id=11331","title":{"rendered":"Rekrutacja 2025"},"content":{"rendered":"\n<p><strong>W zwi\u0105zku z brakiem miejsc w oddzia\u0142ach przedszkolnych 6-latk\u00f3w oraz 4,5-latk\u00f3w, informujemy, \u017ce rekrutacja odbywa si\u0119 tylko do punktu przedszkolnego i prowadzona jest dla dzieci 3-6-letnich (roczniki od 2019 do 2022), a tak\u017ce do klasy I.<\/strong><\/p>\n\n\n\n<p><strong>Rekrutacja na rok szkolny 2025\/2026 do Szko\u0142y Podstawowej&nbsp; im. Jana Brzechwy w Szklarach G\u00f3rnych oraz Punktu Przedszkolnego przy Szkole Podstawowej im. Jana Brzechwy w Szklarach G\u00f3rnych<\/strong><\/p>\n\n\n\n<p><strong>Prosz\u0119 zapozna\u0107 si\u0119 z terminami rekrutacji zawartymi w poni\u017cszym zarz\u0105dzeniu:<\/strong><\/p>\n\n\n\n<p><strong>ZARZ\u0104DZENIE NR 278\/2025<\/strong><\/p>\n\n\n\n<p><strong>W\u00d3JTA GMINY LUBIN&nbsp;&nbsp;<\/strong><\/p>\n\n\n\n<p>z dnia 10 stycznia 2025 r.<\/p>\n\n\n\n<p><strong>w sprawie termin\u00f3w przeprowadzenia post\u0119powania rekrutacyjnego oraz post\u0119powania uzupe\u0142niaj\u0105cego<\/strong><\/p>\n\n\n\n<p><strong>do przedszkoli, oddzia\u0142\u00f3w przedszkolnych w szko\u0142ach podstawowych, innych form wychowania<\/strong><\/p>\n\n\n\n<p><strong>przedszkolnego i do klas I publicznych o\u015bmioletnich szk\u00f3\u0142 podstawowych Gminy Lubin na rok szkolnym 2025\/2026<\/strong><\/p>\n\n\n\n<p><strong>I REKRUTACJA DO PUNKTU PRZEDSZKOLNEGO PRZY SZKOLE PODSTAWOWEJ IM. JANA BRZECHWY W SZKLARACH G\u00d3RNYCH.<\/strong><\/p>\n\n\n\n<p><strong><u>Od 01 lutego 2025r. do 21 lutego 2025r.<\/u> <\/strong>&#8211; nale\u017cy z\u0142o\u017cy\u0107 w sekretariacie szko\u0142y \u201e<em>Wniosek o przyj\u0119cie dziecka do punktu przedszkolnego\u201d<\/em> wraz z dokumentami potwierdzaj\u0105cymi spe\u0142nianie przez kandydata warunk\u00f3w lub kryteri\u00f3w branych pod uwag\u0119 w post\u0119powaniu rekrutacyjnym.<\/p>\n\n\n\n<p><strong><u>Do 07 marca 2025r.<\/u> <\/strong>&#8211; weryfikacja przez komisj\u0119 rekrutacyjn\u0105 wniosk\u00f3w i dokument\u00f3w potwierdzaj\u0105cych spe\u0142nianie przez kandydata warunk\u00f3w lub kryteri\u00f3w branych pod uwag\u0119 w post\u0119powaniu rekrutacyjnym.<\/p>\n\n\n\n<p><strong><u>Do 11 marca 2025r.<\/u> <\/strong>&#8211; podanie do publicznej wiadomo\u015bci przez komisj\u0119 rekrutacyjn\u0105 listy kandydat\u00f3w zakwalifikowanych i kandydat\u00f3w niezakwalifikowanych<\/p>\n\n\n\n<p><strong><u>Do 14 marca 2025r.<\/u><\/strong> &#8211; potwierdzenie przez rodzica kandydata woli przyj\u0119cia w postaci pisemnego&nbsp; o\u015bwiadczenia.<\/p>\n\n\n\n<p><strong><u>Do 18 marca 2025 r<\/u>.<\/strong>&#8211; podanie do publicznej wiadomo\u015bci przez komisj\u0119 rekrutacyjn\u0105 listy kandydat\u00f3w przyj\u0119tych i kandydat\u00f3w nieprzyj\u0119tych.<strong><br><\/strong><\/p>\n\n\n\n<p><strong><u>II POST\u0118POWANIE UZUPE\u0141NIAJ\u0104CE (W PRZYPADKU WOLNYCH MIEJSC)<\/u><\/strong><\/p>\n\n\n\n<p><strong><u>Od 30 kwietnia do 23 maja 2025r. &#8211; <\/u><\/strong>nale\u017cy z\u0142o\u017cy\u0107 \u201e<em>Wniosek o przyj\u0119cie dziecka do oddzia\u0142u\/ punktu przedszkolnego\u201d<\/em> wraz z dokumentami potwierdzaj\u0105cymi spe\u0142nianie przez kandydata warunk\u00f3w lub kryteri\u00f3w branych pod uwag\u0119 w post\u0119powaniu rekrutacyjnym.<\/p>\n\n\n\n<p><strong><u>Do 09 czerwca 2025r.<\/u> <\/strong>&#8211; weryfikacja przez komisj\u0119 rekrutacyjn\u0105 wniosk\u00f3w i dokument\u00f3w potwierdzaj\u0105cych spe\u0142nianie przez kandydata warunk\u00f3w lub kryteri\u00f3w branych pod uwag\u0119 w post\u0119powaniu rekrutacyjnym.<\/p>\n\n\n\n<p><strong><u>Do 13 czerwca 2025r.<\/u> <\/strong>&#8211; podanie do publicznej wiadomo\u015bci przez komisj\u0119 rekrutacyjn\u0105 listy kandydat\u00f3w zakwalifikowanych i kandydat\u00f3w niezakwalifikowanych<\/p>\n\n\n\n<p><strong><u>Do 20 czerwca 2025r.<\/u><\/strong> &#8211; potwierdzenie przez rodzica kandydata woli przyj\u0119cia w postaci pisemnego&nbsp; o\u015bwiadczenia.<\/p>\n\n\n\n<p><strong><u>Do 25 czerwca 2025 r<\/u><\/strong>.- podanie do publicznej wiadomo\u015bci przez komisj\u0119 rekrutacyjn\u0105 listy kandydat\u00f3w przyj\u0119tych i kandydat\u00f3w nieprzyj\u0119tych.<\/p>\n\n\n\n<p><strong>Wzory dokument\u00f3w do wype\u0142nienia podobnie jak w post\u0119powaniu rekrutacyjnym podane powy\u017cej.<a><\/a><\/strong><\/p>\n\n\n\n<p><strong>III ZG\u0141OSZENIE DO KLASY I W SZKOLE PODSTAWOWEJ IM. JANA BRZECHWY W SZKLARACH G\u00d3RNYCH&nbsp;&nbsp;&nbsp;&nbsp;&nbsp;<\/strong><\/p>\n\n\n\n<p><strong>Od 03 lutego 2025 r. do 15 marca 2025r. <\/strong>\u2013 rodzice\/opiekunowie prawni dzieci zamieszka\u0142ych w obwodzie szko\u0142y sk\u0142adaj\u0105 do sekretariatu szko\u0142y \u201e<em>Zg\u0142oszenie dziecka do klasy I obwodowej o\u015bmioklasowej szko\u0142y podstawowej<\/em>\u201d .<\/p>\n\n\n\n<p><strong>Wz\u00f3r zg\u0142oszenia- za\u0142\u0105cznik nr 1 w wykazie dokument\u00f3w.<\/strong><\/p>\n\n\n\n<p><strong>IV. NAB\u00d3R DO KLASY I SZKO\u0141Y PODSTAWOWEJ IM. JANA BRZECHWY W SZKLARACH G\u00d3RNYCH NA ROK SZKOLNY 2025\/2026 DLA KANDYDAT\u00d3W ZAMIESZKA\u0141YCH POZA OBWODEM SZKO\u0141Y W PRZYPADKU WOLNYCH MIEJSC.<\/strong><\/p>\n\n\n\n<p><strong>Od 26 maja 2025 r. do 06 czerwca 2025 r.-<\/strong> z\u0142o\u017cenie w sekretariacie szko\u0142y \u201eWniosku o przyj\u0119cie dziecka zamieszka\u0142ego poza obwodem szko\u0142y do klasy I\u201d<\/p>\n\n\n\n<p><strong>Do 09 czerwca 2025 r.-<\/strong> weryfikacja przez komisj\u0119 rekrutacyjn\u0105 wniosk\u00f3w i dokument\u00f3w potwierdzaj\u0105cych spe\u0142nianie przez kandydata warunk\u00f3w lub kryteri\u00f3w branych pod uwag\u0119 w post\u0119powaniu rekrutacyjnym.<\/p>\n\n\n\n<p><strong>Do 13 czerwca 2025 r. <\/strong>&#8211; podanie do publicznej wiadomo\u015bci przez komisj\u0119 rekrutacyjn\u0105 listy kandydat\u00f3w zakwalifikowanych i kandydat\u00f3w niezakwalifikowanych.<\/p>\n\n\n\n<p><strong>Do 20 czerwca 2025 r.-<\/strong> potwierdzenie przez rodzica kandydata woli przyj\u0119cia w postaci pisemnego&nbsp; o\u015bwiadczenia.<\/p>\n\n\n\n<p><strong>Do 25czerwca 2025 r.<\/strong>&#8211; podanie do publicznej wiadomo\u015bci przez komisj\u0119 rekrutacyjn\u0105 listy kandydat\u00f3w przyj\u0119tych i kandydat\u00f3w nieprzyj\u0119tych.<\/p>\n\n\n\n<p><strong>V. POST\u0118POWANIE UZUPE\u0141NIAJ\u0104CE: <\/strong><strong>REKRUTACJA DO KLASY I SZKO\u0141Y PODSTAWOWEJ IM. JANA BRZECHWY W SZKLARACH G\u00d3RNYCH.<\/strong><\/p>\n\n\n\n<p><strong>W przypadku wolnych miejsc do klasy I Szko\u0142y podstawowej im. Jana Brzechwy w Szklarach G\u00f3rnych rekrutacja odbywa si\u0119 na zasadach okre\u015blonych w zarz\u0105dzeniu W\u00f3jta Gminy Lubin Nr 278\/2025 z dnia 10 stycznia 2025r.<\/strong><\/p>\n\n\n\n<p><strong><u>Od 1 sierpnia do 14 sierpnia 2025r<\/u>. <\/strong>\u2013 nale\u017cy dostarczy\u0107 do sekretariatu szko\u0142y \u201e<em>Wniosek o przyj\u0119cie dziecka do klasy I o\u015bmioklasowej szko\u0142y podstawowej<\/em>\u201d wraz z dokumentami potwierdzaj\u0105cymi spe\u0142nianie przez kandydata warunk\u00f3w lub kryteri\u00f3w branych pod uwag\u0119 w post\u0119powaniu rekrutacyjnym.<\/p>\n\n\n\n<p><strong>Wz\u00f3r dokument\u00f3w za\u0142\u0105czniki nr 2,3,4,5<\/strong><\/p>\n\n\n\n<p><strong><u>&nbsp;Do 21 sierpnia 2025r<\/u>. <\/strong>&#8211; weryfikacja przez komisj\u0119 rekrutacyjn\u0105 wniosk\u00f3w i dokument\u00f3w potwierdzaj\u0105cych spe\u0142nianie przez kandydata warunk\u00f3w lub kryteri\u00f3w branych pod uwag\u0119 w post\u0119powaniu rekrutacyjnym.<\/p>\n\n\n\n<p><strong><u>Do 25 sierpnia 2025r.<\/u>.<\/strong>&#8211; podanie do publicznej wiadomo\u015bci przez komisj\u0119 rekrutacyjn\u0105 listy kandydat\u00f3w zakwalifikowanych i kandydat\u00f3w niezakwalifikowanych.<\/p>\n\n\n\n<p><strong><u>Do 27 sierpnia 2025r<\/u>. <\/strong>&#8211; potwierdzenie przez rodzica kandydata woli przyj\u0119cia w postaci pisemnego&nbsp; o\u015bwiadczenia.<\/p>\n\n\n\n<p><strong><u>Do 29 sierpnia 2025r<\/u>. &#8211;<\/strong> podanie do publicznej wiadomo\u015bci przez komisj\u0119 rekrutacyjn\u0105 listy kandydat\u00f3w przyj\u0119tych i kandydat\u00f3w nieprzyj\u0119tych.<\/p>\n\n\n\n<p><strong><u>Wykaz dokument\u00f3w:<\/u><\/strong><\/p>\n\n\n\n<p><strong>Zg\u0142oszenie dziecka do klasy I obwodowej o\u015bmioklasowej szko\u0142y podstawowej <\/strong><\/p>\n\n\n\n<div class=\"wp-block-file\"><a id=\"wp-block-file--media-2af04df5-54e6-4279-8700-3c6f707e79c2\" href=\"https:\/\/spszklarygorne.pl\/wp-content\/uploads\/2025\/02\/zgloszenie-dziecka-do-szkoly-podstawowej-I-klasa-1.docx\">zg\u0142oszenie dziecka do szko\u0142y podstawowej, I klasa (1)<\/a><a href=\"https:\/\/spszklarygorne.pl\/wp-content\/uploads\/2025\/02\/zgloszenie-dziecka-do-szkoly-podstawowej-I-klasa-1.docx\" class=\"wp-block-file__button wp-element-button\" download aria-describedby=\"wp-block-file--media-2af04df5-54e6-4279-8700-3c6f707e79c2\">Pobierz<\/a><\/div>\n\n\n\n<p><strong>Wniosek o przyj\u0119cie dziecka do pierwszej klasy publicznej szko\u0142y podstawowej<\/strong><\/p>\n\n\n\n<div class=\"wp-block-file\"><a id=\"wp-block-file--media-6e73a95d-3849-47ef-8d65-ff255b0c923f\" href=\"https:\/\/spszklarygorne.pl\/wp-content\/uploads\/2025\/01\/Wniosek-kl.-I-spoza-obwodu-1.docx\">Wniosek &#8211; kl. I spoza obwodu<\/a><a href=\"https:\/\/spszklarygorne.pl\/wp-content\/uploads\/2025\/01\/Wniosek-kl.-I-spoza-obwodu-1.docx\" class=\"wp-block-file__button wp-element-button\" download aria-describedby=\"wp-block-file--media-6e73a95d-3849-47ef-8d65-ff255b0c923f\">Pobierz<\/a><\/div>\n\n\n\n<p><strong>Punkt Przedszkolny:<\/strong><\/p>\n\n\n\n<p><strong>Wniosek o przyj\u0119cie dziecka do punktu przedszkolnego przy Szkole Podstawowej im. Jana Brzechwy w Szklarach G\u00f3rnych<\/strong><\/p>\n\n\n\n<div class=\"wp-block-file\"><a id=\"wp-block-file--media-fc5845d9-aa1c-4183-a31d-ad2b6dbb27ef\" href=\"https:\/\/spszklarygorne.pl\/wp-content\/uploads\/2025\/01\/Wniosek-punkt-przedszkolny.docx\">Wniosek punkt przedszkolny<\/a><a href=\"https:\/\/spszklarygorne.pl\/wp-content\/uploads\/2025\/01\/Wniosek-punkt-przedszkolny.docx\" class=\"wp-block-file__button wp-element-button\" download aria-describedby=\"wp-block-file--media-fc5845d9-aa1c-4183-a31d-ad2b6dbb27ef\">Pobierz<\/a><\/div>\n\n\n\n<p><strong>Wniosek o przyj\u0119cie dziecka do oddzia\u0142u przedszkolnego przy Szkole Podstawowej im. Jana Brzechwy w Szklarach G\u00f3rnych<\/strong><\/p>\n\n\n\n<div class=\"wp-block-file\"><a id=\"wp-block-file--media-27abb196-5da8-475d-829d-73e8fb108ac5\" href=\"https:\/\/spszklarygorne.pl\/wp-content\/uploads\/2025\/02\/Wniosek-oddzial-przedszkolny.docx\">Wniosek oddzia\u0142 przedszkolny<\/a><a href=\"https:\/\/spszklarygorne.pl\/wp-content\/uploads\/2025\/02\/Wniosek-oddzial-przedszkolny.docx\" class=\"wp-block-file__button wp-element-button\" download aria-describedby=\"wp-block-file--media-27abb196-5da8-475d-829d-73e8fb108ac5\">Pobierz<\/a><\/div>\n\n\n\n<p><strong>O\u015bwiadczenie rodzica lub opiekuna prawnego&nbsp;o pobieraniu nauki w systemie dziennym \/zatrudnieniu\/prowadzeniu&nbsp;&nbsp;pozarolniczej dzia\u0142alno\u015bci gospodarczej \/prowadzeniu gospodarstwa rolnego&nbsp;&nbsp;<\/strong><\/p>\n\n\n\n<p><strong>O\u015bwiadczenie o kontynuowaniu przez rodze\u0144stwo&nbsp;&nbsp;kandydata wychowania przedszkolnego&nbsp;&nbsp;<\/strong><\/p>\n\n\n\n<p><strong>O\u015bwiadczenie&nbsp;&nbsp;w sprawie okre\u015blenia czasu obj\u0119cia dziecka opiek\u0105 przedszkoln\u0105&nbsp;&nbsp;<\/strong><\/p>\n\n\n\n<p><strong>O\u015bwiadczenie&nbsp;&nbsp;o obj\u0119ciu rodziny nadzorem kuratorskim lub wsparciem asystenta rodziny&nbsp;<\/strong><\/p>\n\n\n\n<p><strong>O\u015bwiadczenie o realizowaniu rocznego obowi\u0105zkowego&nbsp;&nbsp;przygotowania przedszkolnego&nbsp;&nbsp;<\/strong><\/p>\n\n\n\n<div class=\"wp-block-file\"><a id=\"wp-block-file--media-b0bd9a8c-7011-4dad-b81b-b63fd3ab7324\" href=\"https:\/\/spszklarygorne.pl\/wp-content\/uploads\/2025\/01\/zalaczniki-OP-i-PP.docx\">za\u0142\u0105czniki OP i PP<\/a><a href=\"https:\/\/spszklarygorne.pl\/wp-content\/uploads\/2025\/01\/zalaczniki-OP-i-PP.docx\" class=\"wp-block-file__button wp-element-button\" download aria-describedby=\"wp-block-file--media-b0bd9a8c-7011-4dad-b81b-b63fd3ab7324\">Pobierz<\/a><\/div>\n\n\n\n<p><\/p>\n","protected":false},"excerpt":{"rendered":"<p>W zwi\u0105zku z brakiem miejsc w oddzia\u0142ach przedszkolnych 6-latk\u00f3w oraz 4,5-latk\u00f3w, informujemy, \u017ce rekrutacja odbywa si\u0119 tylko do punktu przedszkolnego i prowadzona jest dla dzieci 3-6-letnich (roczniki od 2019 do 2022), a tak\u017ce do klasy I. Rekrutacja na rok szkolny <a href=\"https:\/\/spszklarygorne.pl\/?page_id=11331\" class=\"read-more\">Czytaj dalej<\/a><\/p>\n","protected":false},"author":1,"featured_media":0,"parent":0,"menu_order":0,"comment_status":"closed","ping_status":"closed","template":"","meta":{"footnotes":""},"class_list":["post-11331","page","type-page","status-publish","hentry"],"_links":{"self":[{"href":"https:\/\/spszklarygorne.pl\/index.php?rest_route=\/wp\/v2\/pages\/11331","targetHints":{"allow":["GET"]}}],"collection":[{"href":"https:\/\/spszklarygorne.pl\/index.php?rest_route=\/wp\/v2\/pages"}],"about":[{"href":"https:\/\/spszklarygorne.pl\/index.php?rest_route=\/wp\/v2\/types\/page"}],"author":[{"embeddable":true,"href":"https:\/\/spszklarygorne.pl\/index.php?rest_route=\/wp\/v2\/users\/1"}],"replies":[{"embeddable":true,"href":"https:\/\/spszklarygorne.pl\/index.php?rest_route=%2Fwp%2Fv2%2Fcomments&post=11331"}],"version-history":[{"count":2,"href":"https:\/\/spszklarygorne.pl\/index.php?rest_route=\/wp\/v2\/pages\/11331\/revisions"}],"predecessor-version":[{"id":11379,"href":"https:\/\/spszklarygorne.pl\/index.php?rest_route=\/wp\/v2\/pages\/11331\/revisions\/11379"}],"wp:attachment":[{"href":"https:\/\/spszklarygorne.pl\/index.php?rest_route=%2Fwp%2Fv2%2Fmedia&parent=11331"}],"curies":[{"name":"wp","href":"https:\/\/api.w.org\/{rel}","templated":true}]}}