{"id":12303,"date":"2025-09-02T21:55:08","date_gmt":"2025-09-02T19:55:08","guid":{"rendered":"https:\/\/spszklarygorne.pl\/?page_id=12303"},"modified":"2025-11-28T13:33:22","modified_gmt":"2025-11-28T12:33:22","slug":"psycholog-szkolny","status":"publish","type":"page","link":"https:\/\/spszklarygorne.pl\/?page_id=12303","title":{"rendered":"Psycholog szkolny"},"content":{"rendered":"\n<p>mgr Iwona Czarnecka<\/p>\n\n\n\n<p>Godziny pracy psychologa:<br>Wtorek: 8:00 &#8211; 16:00<\/p>\n\n\n\n<p>\u015aroda: 7:30 &#8211; 12:30<\/p>\n\n\n\n<p><img decoding=\"async\" alt=\"&#x1f469;&#x200d;&#x1f3eb;\" src=\"https:\/\/fonts.gstatic.com\/s\/e\/notoemoji\/16.0\/1f469_200d_1f3eb\/32.png\">&nbsp;Kim jest psycholog szkolny? Psycholog w naszej szkole to osoba, kt\u00f3ra wspiera uczni\u00f3w, rodzic\u00f3w i nauczycieli w codziennych wyzwaniach. Jego zadaniem jest dbanie o dobre samopoczucie dzieci, pomoc w rozwi\u0105zywaniu trudno\u015bci oraz wspieranie rozwoju emocjonalnego i spo\u0142ecznego. Psycholog nie ocenia \u2013 s\u0142ucha, doradza i szuka najlepszych rozwi\u0105za\u0144.<\/p>\n\n\n\n<p><img decoding=\"async\" alt=\"&#x1f331;\" src=\"https:\/\/fonts.gstatic.com\/s\/e\/notoemoji\/16.0\/1f331\/32.png\">&nbsp;W czym mo\u017ce pom\u00f3c psycholog? Mo\u017cesz zg\u0142osi\u0107 si\u0119 do psychologa, gdy:<\/p>\n\n\n\n<ol class=\"wp-block-list\">\n<li>masz k\u0142opot z nauk\u0105 lub koncentracj\u0105,<\/li>\n\n\n\n<li>czujesz si\u0119 smutny, zestresowany albo zagubiony,<\/li>\n\n\n\n<li>trudno Ci dogada\u0107 si\u0119 z r\u00f3wie\u015bnikami,<\/li>\n\n\n\n<li>pojawiaj\u0105 si\u0119 konflikty w klasie lub w domu,<\/li>\n\n\n\n<li>potrzebujesz wsparcia w rozwijaniu swoich mocnych stron.<\/li>\n<\/ol>\n\n\n\n<p><img decoding=\"async\" alt=\"&#x1f91d;\" src=\"https:\/\/fonts.gstatic.com\/s\/e\/notoemoji\/16.0\/1f91d\/32.png\">&nbsp;Z czym mo\u017cna si\u0119 zg\u0142osi\u0107 i dlaczego warto? Do psychologa mo\u017cna przyj\u015b\u0107 z ka\u017cdym pytaniem czy problemem \u2013 nawet tym najmniejszym. Spotkanie mo\u017ce by\u0107 rozmow\u0105, wsp\u00f3lnym poszukiwaniem rozwi\u0105za\u0144 albo \u0107wiczeniami, kt\u00f3re pomagaj\u0105 lepiej radzi\u0107 sobie w r\u00f3\u017cnych sytuacjach. Psycholog wsp\u00f3\u0142pracuje tak\u017ce z rodzicami i nauczycielami, aby wsp\u00f3lnie tworzy\u0107 przyjazn\u0105 i bezpieczn\u0105 atmosfer\u0119 w szkole.<\/p>\n\n\n\n<p><img decoding=\"async\" alt=\"&#x2728;\" src=\"https:\/\/fonts.gstatic.com\/s\/e\/notoemoji\/16.0\/2728\/32.png\">&nbsp;Pami\u0119taj \u2013 psycholog jest po to, by wspiera\u0107, a nie ocenia\u0107. Drzwi jego gabinetu s\u0105 zawsze otwarte!<\/p>\n\n\n\n<p>Przydatne numery telefon\u00f3w &#8211; bezp\u0142atne:<\/p>\n\n\n\n<p><strong>116 111<\/strong> &#8211; telefon zaufania dla dzieci i m\u0142odzie\u017cy<\/p>\n\n\n\n<p><strong>800 100 100<\/strong> &#8211; telefon dla rodzic\u00f3w i nauczycieli w sprawie bezpiecze\u0144stwa dzieci<\/p>\n\n\n\n<p><strong>Strony:<\/strong><\/p>\n\n\n\n<p><a href=\"https:\/\/portal.librus.pl\/szkola\/artykuly\/wspieramy-relacje-materialy-szkoleniowe-dla-rodzicow\" target=\"_blank\" rel=\"noreferrer noopener\">https:\/\/portal.librus.pl\/szkola\/artykuly\/wspieramy-relacje-materialy-szkoleniowe-dla-rodzicow<\/a>&nbsp;&#8211; zbi\u00f3r materia\u0142\u00f3w przydatnych dla rodzic\u00f3w w przyst\u0119pnej i kr\u00f3tkiej formie (bezp\u0142atne)<\/p>\n\n\n\n<p><a href=\"http:\/\/sieciaki.pl\/\" target=\"_blank\" rel=\"noreferrer noopener\">http:\/\/sieciaki.pl\/<\/a>&nbsp;&#8211; strona dla m\u0142odych u\u017cytkownik\u00f3w internetu; edukacja w zakresie bezpiecze\u0144stwa w internecie, promocja bezpiecznych zastosowa\u0144.<\/p>\n","protected":false},"excerpt":{"rendered":"<p>mgr Iwona Czarnecka Godziny pracy psychologa:Wtorek: 8:00 &#8211; 16:00 \u015aroda: 7:30 &#8211; 12:30 &nbsp;Kim jest psycholog szkolny? Psycholog w naszej szkole to osoba, kt\u00f3ra wspiera uczni\u00f3w, rodzic\u00f3w i nauczycieli w codziennych wyzwaniach. Jego zadaniem jest dbanie o dobre samopoczucie dzieci, <a href=\"https:\/\/spszklarygorne.pl\/?page_id=12303\" class=\"read-more\">Czytaj dalej<\/a><\/p>\n","protected":false},"author":1,"featured_media":0,"parent":0,"menu_order":0,"comment_status":"closed","ping_status":"closed","template":"","meta":{"footnotes":""},"class_list":["post-12303","page","type-page","status-publish","hentry"],"_links":{"self":[{"href":"https:\/\/spszklarygorne.pl\/index.php?rest_route=\/wp\/v2\/pages\/12303","targetHints":{"allow":["GET"]}}],"collection":[{"href":"https:\/\/spszklarygorne.pl\/index.php?rest_route=\/wp\/v2\/pages"}],"about":[{"href":"https:\/\/spszklarygorne.pl\/index.php?rest_route=\/wp\/v2\/types\/page"}],"author":[{"embeddable":true,"href":"https:\/\/spszklarygorne.pl\/index.php?rest_route=\/wp\/v2\/users\/1"}],"replies":[{"embeddable":true,"href":"https:\/\/spszklarygorne.pl\/index.php?rest_route=%2Fwp%2Fv2%2Fcomments&post=12303"}],"version-history":[{"count":2,"href":"https:\/\/spszklarygorne.pl\/index.php?rest_route=\/wp\/v2\/pages\/12303\/revisions"}],"predecessor-version":[{"id":12769,"href":"https:\/\/spszklarygorne.pl\/index.php?rest_route=\/wp\/v2\/pages\/12303\/revisions\/12769"}],"wp:attachment":[{"href":"https:\/\/spszklarygorne.pl\/index.php?rest_route=%2Fwp%2Fv2%2Fmedia&parent=12303"}],"curies":[{"name":"wp","href":"https:\/\/api.w.org\/{rel}","templated":true}]}}