{"id":2955,"date":"2018-12-28T14:01:27","date_gmt":"2018-12-28T13:01:27","guid":{"rendered":"http:\/\/spszklarygorne.pl\/?page_id=2955"},"modified":"2019-05-07T13:21:53","modified_gmt":"2019-05-07T11:21:53","slug":"klauzula-infomacyjna","status":"publish","type":"page","link":"https:\/\/spszklarygorne.pl\/?page_id=2955","title":{"rendered":"KLAUZULA INFORMACYJNA O PRZETWARZANIU DANYCH OSOBOWYCH"},"content":{"rendered":"<p>W zwi\u0105zku z realizacj\u0105 wymog\u00f3w Rozporz\u0105dzenia Parlamentu Europejskiego i Rady (UE) 2016\/679 z dnia 27 kwietnia 2016 r. w sprawie ochrony os\u00f3b fizycznych w zwi\u0105zku z przetwarzaniem danych osobowych i w sprawie swobodnego przep\u0142ywu takich danych oraz uchylenia dyrektywy 95\/46\/WE (og\u00f3lne rozporz\u0105dzenie o ochronie danych \u201eRODO\u201d), informujemy o zasadach przetwarzania Pani\/Pana danych osobowych oraz o przys\u0142uguj\u0105cych Pani\/Panu prawach z tym zwi\u0105zanych.<\/p>\n<p>Poni\u017csze zasady stosuje si\u0119 pocz\u0105wszy od 25 maja 2018 roku.<\/p>\n<ol>\n<li>Administratorem Pani\/Pana danych osobowych przetwarzanych w\u00a0Szkole Podstawowej im. Jana Brzechwy w Szklarach G\u00f3rnych jest: Szko\u0142a Podstawowa im. Jana Brzechwy w Szklarach G\u00f3rnych, Szklary G\u00f3rne 48, 59-335 Lubin<\/li>\n<li>Je\u015bli ma Pani\/Pan pytania dotycz\u0105ce sposobu i zakresu przetwarzania Pani\/Pana danych osobowych w zakresie dzia\u0142ania Szko\u0142y Podstawowej im. Jana Brzechwy w Szklarach G\u00f3rnych, a tak\u017ce przys\u0142uguj\u0105cych Pani\/Panu uprawnie\u0144, mo\u017ce si\u0119 Pani\/Pan skontaktowa\u0107 si\u0119 z Inspektorem Ochrony Danych Osobowych w Urz\u0119dzie Gminy Lubin za pomoc\u0105 adresu\u00a0iodo@amt24.biz<\/li>\n<li>Administrator danych osobowych \u2013 Szko\u0142a Podstawowa im. Jana Brzechwy w Szklarach G\u00f3rnych \u2013 przetwarza Pani\/Pana dane osobowe na podstawie obowi\u0105zuj\u0105cych przepis\u00f3w prawa, zawartych um\u00f3w oraz na podstawie udzielonej zgody.<\/li>\n<li>Pani\/Pana dane osobowe przetwarzane s\u0105 w celu\/celach:<\/li>\n<li>wype\u0142nienia obowi\u0105zk\u00f3w prawnych ci\u0105\u017c\u0105cych na Szkole Podstawowej im. Jana Brzechwy w Szklarach G\u00f3rnych;<\/li>\n<li>realizacji um\u00f3w zawartych z kontrahentami Szko\u0142y Podstawowej im. Jana Brzechwy w Szklarach G\u00f3rnych;<\/li>\n<li>w pozosta\u0142ych przypadkach Pani\/Pana dane osobowe przetwarzane s\u0105 wy\u0142\u0105cznie na podstawie wcze\u015bniej udzielonej zgody w zakresie i celu okre\u015blonym w tre\u015bci zgody.<\/li>\n<li>W zwi\u0105zku z przetwarzaniem danych w celach o kt\u00f3rych mowa w pkt 4, odbiorcami Pani\/Pana danych osobowych mog\u0105 by\u0107:<\/li>\n<li>organy w\u0142adzy publicznej oraz podmioty wykonuj\u0105ce zadania publiczne lub dzia\u0142aj\u0105ce na zlecenie organ\u00f3w w\u0142adzy publicznej, w zakresie i w celach, kt\u00f3re wynikaj\u0105 z przepis\u00f3w powszechnie obowi\u0105zuj\u0105cego prawa;<\/li>\n<li>inne podmioty, kt\u00f3re na podstawie stosownych um\u00f3w podpisanych ze szko\u0142\u0105 przetwarzaj\u0105 dane osobowe dla kt\u00f3rych Administratorem jest Szko\u0142a Podstawowa im. Jana Brzechwy w Szklarach G\u00f3rnych.<\/li>\n<li>Pani\/Pana dane osobowe b\u0119d\u0105 przechowywane przez okres niezb\u0119dny do realizacji cel\u00f3w okre\u015blonych w pkt 4, a po tym czasie przez okres oraz w zakresie wymaganym przez przepisy powszechnie obowi\u0105zuj\u0105cego prawa.<\/li>\n<li>W zwi\u0105zku z przetwarzaniem Pani\/Pana danych osobowych przys\u0142uguj\u0105 Pani\/Panu nast\u0119puj\u0105ce uprawnienia:<\/li>\n<li>prawo dost\u0119pu do danych osobowych, w tym prawo do uzyskania kopii tych danych;<\/li>\n<li>prawo do \u017c\u0105dania sprostowania (poprawiania) danych osobowych \u2013 w przypadku gdy dane s\u0105 nieprawid\u0142owe lub niekompletne;<\/li>\n<li>prawo do \u017c\u0105dania usuni\u0119cia danych osobowych (tzw. prawo do bycia zapomnianym), w przypadku gdy:<\/li>\n<\/ol>\n<ul>\n<li>dane nie s\u0105 ju\u017c niezb\u0119dne do cel\u00f3w, dla kt\u00f3rych by\u0142y zebrane lub w inny spos\u00f3b przetwarzane,<\/li>\n<li>osoba, kt\u00f3rej dane dotycz\u0105, wnios\u0142a sprzeciw wobec przetwarzania danych osobowych,<\/li>\n<li>osoba, kt\u00f3rej dane dotycz\u0105 wycofa\u0142a zgod\u0119 na przetwarzanie danych osobowych, kt\u00f3ra jest podstaw\u0105 przetwarzania danych i nie ma innej podstawy prawnej przetwarzania danych,<\/li>\n<li>dane osobowe przetwarzane s\u0105 niezgodnie z prawem,<\/li>\n<li>dane osobowe musz\u0105 by\u0107 usuni\u0119te w celu wywi\u0105zania si\u0119 z obowi\u0105zku wynikaj\u0105cego z przepis\u00f3w prawa;<\/li>\n<\/ul>\n<ol>\n<li>prawo do \u017c\u0105dania ograniczenia przetwarzania danych osobowych \u2013 w przypadku, gdy:<\/li>\n<\/ol>\n<ul>\n<li>osoba, kt\u00f3rej dane dotycz\u0105 kwestionuje prawid\u0142owo\u015b\u0107 danych osobowych,<\/li>\n<li>przetwarzanie danych jest niezgodne z prawem, a osoba, kt\u00f3rej dane dotycz\u0105, sprzeciwia si\u0119 usuni\u0119ciu danych, \u017c\u0105daj\u0105c w zamian ich ograniczenia,<\/li>\n<li>Administrator nie potrzebuje ju\u017c danych dla swoich cel\u00f3w, ale osoba, kt\u00f3rej dane dotycz\u0105, potrzebuje ich do ustalenia, obrony lub dochodzenia roszcze\u0144,<\/li>\n<li>osoba, kt\u00f3rej dane dotycz\u0105, wnios\u0142a sprzeciw wobec przetwarzania danych, do czasu ustalenia czy prawnie uzasadnione podstawy po stronie administratora s\u0105 nadrz\u0119dne wobec podstawy sprzeciwu;<\/li>\n<\/ul>\n<ol>\n<li>prawo do przenoszenia danych \u2013 w przypadku gdy \u0142\u0105cznie spe\u0142nione s\u0105 nast\u0119puj\u0105ce przes\u0142anki:<\/li>\n<\/ol>\n<ul>\n<li>przetwarzanie danych odbywa si\u0119 na podstawie umowy zawartej z osob\u0105, kt\u00f3rej dane dotycz\u0105 lub na podstawie zgody wyra\u017conej przez t\u0105 osob\u0119,<\/li>\n<li>przetwarzanie odbywa si\u0119 w spos\u00f3b zautomatyzowany;<\/li>\n<\/ul>\n<ol>\n<li>prawo sprzeciwu wobec przetwarzania danych \u2013 w przypadku gdy \u0142\u0105cznie spe\u0142nione s\u0105 nast\u0119puj\u0105ce przes\u0142anki:<\/li>\n<\/ol>\n<ul>\n<li>zaistniej\u0105 przyczyny zwi\u0105zane z Pani\/Pana szczeg\u00f3ln\u0105 sytuacj\u0105, w przypadku przetwarzania danych na podstawie zadania realizowanego w interesie publicznym lub w ramach sprawowania w\u0142adzy publicznej przez Administratora,<\/li>\n<li>przetwarzanie jest niezb\u0119dne do cel\u00f3w wynikaj\u0105cych z prawnie uzasadnionych interes\u00f3w realizowanych przez Administratora lub przez stron\u0119 trzeci\u0105, z wyj\u0105tkiem sytuacji, w kt\u00f3rych nadrz\u0119dny charakter wobec tych interes\u00f3w maj\u0105 interesy lub podstawowe prawa i wolno\u015bci osoby, kt\u00f3rej dane dotycz\u0105, wymagaj\u0105ce ochrony danych osobowych, w szczeg\u00f3lno\u015bci gdy osoba, kt\u00f3rej dane dotycz\u0105 jest dzieckiem.<\/li>\n<\/ul>\n<ol start=\"8\">\n<li>W przypadku gdy przetwarzanie danych osobowych odbywa si\u0119 na podstawie zgody osoby na przetwarzanie danych osobowych (art. 6 ust. 1 lit a RODO), przys\u0142uguje Pani\/Panu prawo do cofni\u0119cia tej zgody w dowolnym momencie. Cofni\u0119cie to nie ma wp\u0142ywu na zgodno\u015b\u0107 przetwarzania, kt\u00f3rego dokonano na podstawie zgody przed jej cofni\u0119ciem, z obowi\u0105zuj\u0105cym prawem.<\/li>\n<li>W przypadku powzi\u0119cia informacji o niezgodnym z prawem przetwarzaniu w Szkole Podstawowej im. Jana Brzechwy w Szklarach G\u00f3rnych Pani\/Pana danych osobowych, przys\u0142uguje Pani\/Panu prawo wniesienia skargi do organu nadzorczego w\u0142a\u015bciwego w sprawach ochrony danych osobowych.<\/li>\n<li>W sytuacji, gdy przetwarzanie danych osobowych odbywa si\u0119 na podstawie zgody osoby, kt\u00f3rej dane dotycz\u0105, podanie przez Pani\u0105\/Pana danych osobowych Administratorowi ma charakter dobrowolny.<\/li>\n<li>Podanie przez Pani\u0105\/Pana danych osobowych jest obowi\u0105zkowe, w sytuacji gdy przes\u0142ank\u0119 przetwarzania danych osobowych stanowi przepis prawa lub zawarta mi\u0119dzy stronami umowa.<\/li>\n<li>Pani\/Pana dane mog\u0105 by\u0107 przetwarzane w spos\u00f3b zautomatyzowany i nie b\u0119d\u0105 profilowane.<\/li>\n<\/ol>\n<p>&nbsp;<\/p>\n<p><strong>Inspektor Ochrony Danych Osobowych<\/strong><\/p>\n<p><strong>Katarzyna Graczyk<\/strong><\/p>\n<p><strong>e-mail: <a href=\"mailto:iodo@amt24.biz\">iodo@amt24.biz<\/a><\/strong><\/p>\n","protected":false},"excerpt":{"rendered":"<p>W zwi\u0105zku z realizacj\u0105 wymog\u00f3w Rozporz\u0105dzenia Parlamentu Europejskiego i Rady (UE) 2016\/679 z dnia 27 kwietnia 2016 r. w sprawie ochrony os\u00f3b fizycznych w zwi\u0105zku z przetwarzaniem danych osobowych i w sprawie swobodnego przep\u0142ywu takich danych oraz uchylenia dyrektywy 95\/46\/WE <a href=\"https:\/\/spszklarygorne.pl\/?page_id=2955\" class=\"read-more\">Czytaj dalej<\/a><\/p>\n","protected":false},"author":1,"featured_media":0,"parent":0,"menu_order":0,"comment_status":"closed","ping_status":"closed","template":"","meta":{"footnotes":""},"class_list":["post-2955","page","type-page","status-publish","hentry"],"_links":{"self":[{"href":"https:\/\/spszklarygorne.pl\/index.php?rest_route=\/wp\/v2\/pages\/2955","targetHints":{"allow":["GET"]}}],"collection":[{"href":"https:\/\/spszklarygorne.pl\/index.php?rest_route=\/wp\/v2\/pages"}],"about":[{"href":"https:\/\/spszklarygorne.pl\/index.php?rest_route=\/wp\/v2\/types\/page"}],"author":[{"embeddable":true,"href":"https:\/\/spszklarygorne.pl\/index.php?rest_route=\/wp\/v2\/users\/1"}],"replies":[{"embeddable":true,"href":"https:\/\/spszklarygorne.pl\/index.php?rest_route=%2Fwp%2Fv2%2Fcomments&post=2955"}],"version-history":[{"count":5,"href":"https:\/\/spszklarygorne.pl\/index.php?rest_route=\/wp\/v2\/pages\/2955\/revisions"}],"predecessor-version":[{"id":3201,"href":"https:\/\/spszklarygorne.pl\/index.php?rest_route=\/wp\/v2\/pages\/2955\/revisions\/3201"}],"wp:attachment":[{"href":"https:\/\/spszklarygorne.pl\/index.php?rest_route=%2Fwp%2Fv2%2Fmedia&parent=2955"}],"curies":[{"name":"wp","href":"https:\/\/api.w.org\/{rel}","templated":true}]}}