{"id":322,"date":"2016-09-05T15:24:11","date_gmt":"2016-09-05T13:24:11","guid":{"rendered":"https:\/\/spszklarygorne.pl\/?page_id=322"},"modified":"2016-09-05T15:24:11","modified_gmt":"2016-09-05T13:24:11","slug":"certyfikaty","status":"publish","type":"page","link":"https:\/\/spszklarygorne.pl\/?page_id=322","title":{"rendered":"Certyfikaty"},"content":{"rendered":"<p><strong>Szko\u0142a Podstawowa im. Jana Brzechwy w Szklarach G\u00f3rnych posiada nast\u0119puj\u0105ce certyfikaty:<\/strong><\/p>\n<p>Szko\u0142a dbaj\u0105ca o bezpiecze\u0144stwo<\/p>\n<p>Szko\u0142a bez przemocy<\/p>\n<p>Szko\u0142a w ruchu<\/p>\n<p>Szko\u0142a przyjazna dla 6 \u2013 latka<\/p>\n<p>Bezpieczna plac\u00f3wka o\u015bwiatowa<\/p>\n<p>Bezpieczne wakacje<\/p>\n<p>Certyfikat uczestnictwa w programie: \u201ePi\u0119\u0107 porcji warzyw, owoc\u00f3w lub soku\u201d<\/p>\n<p>Certyfikat Spo\u0142ecznie Zaanga\u017cowanej Plac\u00f3wki za udzia\u0142 w og\u00f3lnopolskiej kampanii \u201eWszystkie Kolory \u015awiata\u201d przyznany przez UNESCO<\/p>\n<p>Certyfikat uczestnictwa w programie Klub Bezpiecznego Puchatka<\/p>\n<p>Z\u0142oty Certyfikat \u2013 za coroczny udzia\u0142 szko\u0142y w programie \u201eTrzymaj form\u0119\u201d<\/p>\n<p>Certyfikat \u2013 za udzia\u0142 w II edycji programu \u201eNarkotyki to mnie nie kr\u0119ci\u201d<\/p>\n","protected":false},"excerpt":{"rendered":"<p>Szko\u0142a Podstawowa im. Jana Brzechwy w Szklarach G\u00f3rnych posiada nast\u0119puj\u0105ce certyfikaty: Szko\u0142a dbaj\u0105ca o bezpiecze\u0144stwo Szko\u0142a bez przemocy Szko\u0142a w ruchu Szko\u0142a przyjazna dla 6 \u2013 latka Bezpieczna plac\u00f3wka o\u015bwiatowa Bezpieczne wakacje Certyfikat uczestnictwa w programie: \u201ePi\u0119\u0107 porcji warzyw, owoc\u00f3w <a href=\"https:\/\/spszklarygorne.pl\/?page_id=322\" class=\"read-more\">Czytaj dalej<\/a><\/p>\n","protected":false},"author":1,"featured_media":0,"parent":0,"menu_order":0,"comment_status":"closed","ping_status":"closed","template":"","meta":{"footnotes":""},"class_list":["post-322","page","type-page","status-publish","hentry"],"_links":{"self":[{"href":"https:\/\/spszklarygorne.pl\/index.php?rest_route=\/wp\/v2\/pages\/322","targetHints":{"allow":["GET"]}}],"collection":[{"href":"https:\/\/spszklarygorne.pl\/index.php?rest_route=\/wp\/v2\/pages"}],"about":[{"href":"https:\/\/spszklarygorne.pl\/index.php?rest_route=\/wp\/v2\/types\/page"}],"author":[{"embeddable":true,"href":"https:\/\/spszklarygorne.pl\/index.php?rest_route=\/wp\/v2\/users\/1"}],"replies":[{"embeddable":true,"href":"https:\/\/spszklarygorne.pl\/index.php?rest_route=%2Fwp%2Fv2%2Fcomments&post=322"}],"version-history":[{"count":1,"href":"https:\/\/spszklarygorne.pl\/index.php?rest_route=\/wp\/v2\/pages\/322\/revisions"}],"predecessor-version":[{"id":323,"href":"https:\/\/spszklarygorne.pl\/index.php?rest_route=\/wp\/v2\/pages\/322\/revisions\/323"}],"wp:attachment":[{"href":"https:\/\/spszklarygorne.pl\/index.php?rest_route=%2Fwp%2Fv2%2Fmedia&parent=322"}],"curies":[{"name":"wp","href":"https:\/\/api.w.org\/{rel}","templated":true}]}}