{"id":385,"date":"2016-09-05T22:18:25","date_gmt":"2016-09-05T20:18:25","guid":{"rendered":"https:\/\/spszklarygorne.pl\/?page_id=385"},"modified":"2025-09-02T21:51:12","modified_gmt":"2025-09-02T19:51:12","slug":"dowoz-uczniow-do-szkoly","status":"publish","type":"page","link":"https:\/\/spszklarygorne.pl\/?page_id=385","title":{"rendered":"Dow\u00f3z uczni\u00f3w do szko\u0142y w roku szkolnym 2025\/2026"},"content":{"rendered":"\n<p>DOWOZY:<br><strong>Na 1 lekcj\u0119 (7:20 pod szko\u0142\u0105):<\/strong><br>07:05 &#8211; Obora ul. Lubi\u0144ska 2<\/p>\n\n\n\n<p>&#8211; \u015brednio co minut\u0119 na reszcie przystank\u00f3w,&nbsp;<br><strong>na 5 lekcj\u0119 (10:55 pod szko\u0142\u0105):&nbsp;<\/strong><br>10:45 &#8211; Obora ul. Lubi\u0144ska 2<br>&#8211; \u015brednio co minut\u0119 na reszcie przystank\u00f3w.<\/p>\n\n\n\n<p>ODWOZY:<br>11:15<br>13:15<br>15:45<\/p>\n\n\n\n<p><\/p>\n","protected":false},"excerpt":{"rendered":"<p>DOWOZY:Na 1 lekcj\u0119 (7:20 pod szko\u0142\u0105):07:05 &#8211; Obora ul. Lubi\u0144ska 2 &#8211; \u015brednio co minut\u0119 na reszcie przystank\u00f3w,&nbsp;na 5 lekcj\u0119 (10:55 pod szko\u0142\u0105):&nbsp;10:45 &#8211; Obora ul. Lubi\u0144ska 2&#8211; \u015brednio co minut\u0119 na reszcie przystank\u00f3w. ODWOZY:11:1513:1515:45<\/p>\n","protected":false},"author":1,"featured_media":0,"parent":0,"menu_order":0,"comment_status":"closed","ping_status":"closed","template":"","meta":{"footnotes":""},"class_list":["post-385","page","type-page","status-publish","hentry"],"_links":{"self":[{"href":"https:\/\/spszklarygorne.pl\/index.php?rest_route=\/wp\/v2\/pages\/385","targetHints":{"allow":["GET"]}}],"collection":[{"href":"https:\/\/spszklarygorne.pl\/index.php?rest_route=\/wp\/v2\/pages"}],"about":[{"href":"https:\/\/spszklarygorne.pl\/index.php?rest_route=\/wp\/v2\/types\/page"}],"author":[{"embeddable":true,"href":"https:\/\/spszklarygorne.pl\/index.php?rest_route=\/wp\/v2\/users\/1"}],"replies":[{"embeddable":true,"href":"https:\/\/spszklarygorne.pl\/index.php?rest_route=%2Fwp%2Fv2%2Fcomments&post=385"}],"version-history":[{"count":12,"href":"https:\/\/spszklarygorne.pl\/index.php?rest_route=\/wp\/v2\/pages\/385\/revisions"}],"predecessor-version":[{"id":12299,"href":"https:\/\/spszklarygorne.pl\/index.php?rest_route=\/wp\/v2\/pages\/385\/revisions\/12299"}],"wp:attachment":[{"href":"https:\/\/spszklarygorne.pl\/index.php?rest_route=%2Fwp%2Fv2%2Fmedia&parent=385"}],"curies":[{"name":"wp","href":"https:\/\/api.w.org\/{rel}","templated":true}]}}