{"id":411,"date":"2016-09-22T10:07:35","date_gmt":"2016-09-22T08:07:35","guid":{"rendered":"https:\/\/spszklarygorne.pl\/?page_id=411"},"modified":"2025-09-22T08:45:29","modified_gmt":"2025-09-22T06:45:29","slug":"pomoc-psychologiczno-pedagogiczna","status":"publish","type":"page","link":"https:\/\/spszklarygorne.pl\/?page_id=411","title":{"rendered":"Pomoc psychologiczno &#8211; pedagogiczna"},"content":{"rendered":"\n<p>Pomoc psychologiczno &#8211; pedagogiczna w roku szkolnym 2025\/2026<\/p>\n\n\n\n<ul class=\"wp-block-list\">\n<li>Zaj\u0119cia korekcyjno-kompensacyjne<\/li>\n\n\n\n<li>Terapia logopedyczna<\/li>\n\n\n\n<li>Terapia integracji sensorycznej<\/li>\n\n\n\n<li>Zaj\u0119cia rewalidacyjne rozwijaj\u0105ce umiej\u0119tno\u015bci spo\u0142eczne w tym komunikacyjne<\/li>\n\n\n\n<li>\u015awietlica socjoterapeutyczna<\/li>\n\n\n\n<li>Sensoplastyka<\/li>\n\n\n\n<li>Surdopedagogika<\/li>\n\n\n\n<li>Tyflopedagogika<\/li>\n\n\n\n<li>Zaj\u0119cia dydaktyczno-wyr\u00f3wnawcze z j\u0119zyka polskiego<\/li>\n\n\n\n<li>Zaj\u0119cia dydaktyczno-wyr\u00f3wnawcze z matematyki<\/li>\n\n\n\n<li>Terapia pedagogiczna<\/li>\n\n\n\n<li>Porady i konsultacje<\/li>\n<\/ul>\n","protected":false},"excerpt":{"rendered":"<p>Pomoc psychologiczno &#8211; pedagogiczna w roku szkolnym 2025\/2026<\/p>\n","protected":false},"author":1,"featured_media":0,"parent":0,"menu_order":0,"comment_status":"closed","ping_status":"closed","template":"","meta":{"footnotes":""},"class_list":["post-411","page","type-page","status-publish","hentry"],"_links":{"self":[{"href":"https:\/\/spszklarygorne.pl\/index.php?rest_route=\/wp\/v2\/pages\/411","targetHints":{"allow":["GET"]}}],"collection":[{"href":"https:\/\/spszklarygorne.pl\/index.php?rest_route=\/wp\/v2\/pages"}],"about":[{"href":"https:\/\/spszklarygorne.pl\/index.php?rest_route=\/wp\/v2\/types\/page"}],"author":[{"embeddable":true,"href":"https:\/\/spszklarygorne.pl\/index.php?rest_route=\/wp\/v2\/users\/1"}],"replies":[{"embeddable":true,"href":"https:\/\/spszklarygorne.pl\/index.php?rest_route=%2Fwp%2Fv2%2Fcomments&post=411"}],"version-history":[{"count":11,"href":"https:\/\/spszklarygorne.pl\/index.php?rest_route=\/wp\/v2\/pages\/411\/revisions"}],"predecessor-version":[{"id":12380,"href":"https:\/\/spszklarygorne.pl\/index.php?rest_route=\/wp\/v2\/pages\/411\/revisions\/12380"}],"wp:attachment":[{"href":"https:\/\/spszklarygorne.pl\/index.php?rest_route=%2Fwp%2Fv2%2Fmedia&parent=411"}],"curies":[{"name":"wp","href":"https:\/\/api.w.org\/{rel}","templated":true}]}}