{"id":4925,"date":"2020-08-31T16:24:14","date_gmt":"2020-08-31T14:24:14","guid":{"rendered":"http:\/\/spszklarygorne.pl\/?page_id=4925"},"modified":"2022-05-29T10:59:08","modified_gmt":"2022-05-29T08:59:08","slug":"procedury-bezpieczenstwa-w-okresie-pandemii-covid-19-na-terenie-szkoly-podstawowej-im-jana-brzechwy-w-szklarach-gornych-aktualizacja-na-dzien-1-wrzesnia-2020-r-2","status":"publish","type":"page","link":"https:\/\/spszklarygorne.pl\/?page_id=4925","title":{"rendered":"PROCEDURY BEZPIECZE\u0143STWA W OKRESIE PANDEMII COVID-19 NA TERENIE Szko\u0142y Podstawowej im. Jana Brzechwy w Szklarach G\u00f3rnych Aktualizacja na dzie\u0144 16 maja 2022r."},"content":{"rendered":"\n<div class=\"wp-block-file\"><a href=\"http:\/\/spszklarygorne.pl\/wp-content\/uploads\/2022\/05\/Aktualizacja-procedury-bezpiecze\u0144stwa-maj-2022.pdf\">Aktualizacja-procedury-bezpiecze\u0144stwa-maj-2022<\/a><a href=\"http:\/\/spszklarygorne.pl\/wp-content\/uploads\/2022\/05\/Aktualizacja-procedury-bezpiecze\u0144stwa-maj-2022.pdf\" class=\"wp-block-file__button\" download>Pobierz<\/a><\/div>\n","protected":false},"excerpt":{"rendered":"","protected":false},"author":1,"featured_media":0,"parent":0,"menu_order":0,"comment_status":"closed","ping_status":"closed","template":"","meta":{"footnotes":""},"class_list":["post-4925","page","type-page","status-publish","hentry"],"_links":{"self":[{"href":"https:\/\/spszklarygorne.pl\/index.php?rest_route=\/wp\/v2\/pages\/4925","targetHints":{"allow":["GET"]}}],"collection":[{"href":"https:\/\/spszklarygorne.pl\/index.php?rest_route=\/wp\/v2\/pages"}],"about":[{"href":"https:\/\/spszklarygorne.pl\/index.php?rest_route=\/wp\/v2\/types\/page"}],"author":[{"embeddable":true,"href":"https:\/\/spszklarygorne.pl\/index.php?rest_route=\/wp\/v2\/users\/1"}],"replies":[{"embeddable":true,"href":"https:\/\/spszklarygorne.pl\/index.php?rest_route=%2Fwp%2Fv2%2Fcomments&post=4925"}],"version-history":[{"count":4,"href":"https:\/\/spszklarygorne.pl\/index.php?rest_route=\/wp\/v2\/pages\/4925\/revisions"}],"predecessor-version":[{"id":6841,"href":"https:\/\/spszklarygorne.pl\/index.php?rest_route=\/wp\/v2\/pages\/4925\/revisions\/6841"}],"wp:attachment":[{"href":"https:\/\/spszklarygorne.pl\/index.php?rest_route=%2Fwp%2Fv2%2Fmedia&parent=4925"}],"curies":[{"name":"wp","href":"https:\/\/api.w.org\/{rel}","templated":true}]}}