{"id":5039,"date":"2020-09-10T22:19:07","date_gmt":"2020-09-10T20:19:07","guid":{"rendered":"http:\/\/spszklarygorne.pl\/?page_id=5039"},"modified":"2024-11-12T17:15:15","modified_gmt":"2024-11-12T16:15:15","slug":"g-suite","status":"publish","type":"page","link":"https:\/\/spszklarygorne.pl\/?page_id=5039","title":{"rendered":"G Suite"},"content":{"rendered":"\n<p><\/p>\n\n\n\n<div class=\"wp-block-file\"><a href=\"http:\/\/spszklarygorne.pl\/wp-content\/uploads\/2020\/09\/Zgoda-na-G-Suite-dla-Edukacji-i-informacje.pdf\"><strong>Zgoda-na-G-Suite-dla-Edukacji-i-informacje<\/strong><\/a><a href=\"http:\/\/spszklarygorne.pl\/wp-content\/uploads\/2020\/09\/Zgoda-na-G-Suite-dla-Edukacji-i-informacje.pdf\" class=\"wp-block-file__button wp-element-button\" download>Pobierz<\/a><\/div>\n\n\n\n<p><strong>Informacje dla rodzic\u00f3w i opiekun\u00f3w na temat G Suite dla&nbsp; Szk\u00f3\u0142 i Uczelni&nbsp;<\/strong><\/p>\n\n\n<div class=\"wp-block-image\">\n<figure class=\"aligncenter size-large is-resized\"><img loading=\"lazy\" decoding=\"async\" width=\"300\" height=\"150\" src=\"http:\/\/spszklarygorne.pl\/wp-content\/uploads\/2020\/09\/gsuite_duzelogo.png\" alt=\"\" class=\"wp-image-5037\" style=\"width:358px;height:179px\"\/><\/figure>\n<\/div>\n\n\n<p>Poni\u017cej opisano, jakie dane osobowe z kont uczni\u00f3w s\u0105 udost\u0119pniane firmie Google, oraz podano&nbsp; informacje o tym, w jaki spos\u00f3b Google gromadzi, wykorzystuje i ujawnia te dane w zwi\u0105zku z&nbsp; u\u017cywaniem kont.&nbsp;<\/p>\n\n\n\n<p>Za pomoc\u0105 kont G Suite dla Szk\u00f3\u0142 i Uczelni uczniowie mog\u0105 korzysta\u0107 z nast\u0119puj\u0105cych \u201eus\u0142ug&nbsp; podstawowych\u201d oferowanych przez Google (zosta\u0142y one opisane na stronie&nbsp; https:\/\/gsuite.google.com\/terms\/user_features.html):&nbsp;<\/p>\n\n\n\n<p>\u2219 Gmail (w tym Inbox by Gmail)&nbsp;&nbsp;<\/p>\n\n\n\n<p>\u2219 Kalendarz&nbsp;&nbsp;<\/p>\n\n\n\n<p>\u2219 Classroom&nbsp;&nbsp;<\/p>\n\n\n\n<p>\u2219 Kontakty&nbsp;&nbsp;<\/p>\n\n\n\n<p>\u2219 Dysk&nbsp;&nbsp;<\/p>\n\n\n\n<p>\u2219 Dokumenty&nbsp;<\/p>\n\n\n\n<p>\u2219 Formularze&nbsp;<\/p>\n\n\n\n<p>\u2219 Grupy dyskusyjne&nbsp;&nbsp;<\/p>\n\n\n\n<p>\u2219 Keep&nbsp;&nbsp;<\/p>\n\n\n\n<p>\u2219 Arkusze&nbsp;<\/p>\n\n\n\n<p>\u2219 Witryny&nbsp;&nbsp;<\/p>\n\n\n\n<p>\u2219 Prezentacje&nbsp;&nbsp;<\/p>\n\n\n\n<p>\u2219 Talk\/Hangouts&nbsp;<\/p>\n\n\n\n<p>\u2219 Vault&nbsp;&nbsp;<\/p>\n\n\n\n<p>Szko\u0142a zapewnia dost\u0119p do us\u0142ug dodatkowych. Wi\u0119cej informacji o us\u0142ugach dodatkowych oraz&nbsp; r\u00f3\u017cnicach mi\u0119dzy us\u0142ugami podstawowymi i dodatkowymi mo\u017cna znale\u017a\u0107 w Centrum pomocy na&nbsp; stronie <a href=\"https:\/\/support.google.com\/a\/answer\/6356441\" target=\"_blank\" rel=\"noreferrer noopener\">https:\/\/support.google.com\/a\/answer\/6356441&nbsp;<\/a><\/p>\n\n\n\n<p>Ponadto konta G Suite dla Szk\u00f3\u0142 i Uczelni pozwalaj\u0105 uczniom korzysta\u0107 z niekt\u00f3rych innych us\u0142ug&nbsp; Google. Dziecko mo\u017ce mie\u0107 dost\u0119p do poni\u017cszych \u201e<strong>us\u0142ug dodatkowych<\/strong>\u201d:&nbsp;<\/p>\n\n\n\n<p>Nazwy us\u0142ug dodatkowych w\u0142\u0105czonych przez administratora szko\u0142y, np. YouTube, Blogger czy&nbsp; Mapy Google. List\u0119 us\u0142ug dodatkowych mo\u017cna znale\u017a\u0107 na stronie&nbsp;&nbsp;<\/p>\n\n\n\n<p>https:\/\/support.google.com\/a\/answer\/181865. Instrukcje dla administrator\u00f3w dotycz\u0105ce w\u0142\u0105czania i&nbsp; wy\u0142\u0105czania tych us\u0142ug mo\u017cna znale\u017a\u0107 na stronie https:\/\/support.google.com\/a\/answer\/182442&nbsp;<\/p>\n\n\n\n<p>W Informacjach na temat ochrony prywatno\u015bci w G Suite dla Szk\u00f3\u0142 i Uczelni opisali\u015bmy, jak&nbsp; Google zbiera informacje z kont G Suite dla Szk\u00f3\u0142 i Uczelni oraz w jaki spos\u00f3b ich u\u017cywa i je&nbsp; ujawnia. Dokument ten jest dost\u0119pny na stronie&nbsp;&nbsp;<\/p>\n\n\n\n<p>https:\/\/gsuite.google.com\/terms\/education_privacy.html. Nale\u017cy zapozna\u0107 si\u0119 z ca\u0142\u0105 jego tre\u015bci\u0105.&nbsp; Poni\u017cej zamie\u015bcili\u015bmy odpowiedzi na niekt\u00f3re najcz\u0119stsze pytania:&nbsp;<\/p>\n\n\n\n<p><strong>Jakie dane osobowe gromadzi Google?&nbsp;<\/strong><\/p>\n\n\n\n<p>W ramach tworzenia konta ucznia<\/p>\n\n\n\n<p>W Szkole Podstawowej im. Jana Brzechwy w Szklarach G\u00f3rnych&nbsp;<\/p>\n\n\n\n<p>mo\u017ce udost\u0119pnia\u0107 Google niekt\u00f3re dane osobowe tego ucznia, na przyk\u0142ad jego imi\u0119 i nazwisko,&nbsp; adres e-mail i has\u0142o. Firma Google mo\u017ce r\u00f3wnie\u017c gromadzi\u0107 dane osobowe przekazywane&nbsp; bezpo\u015brednio przez uczni\u00f3w, takie jak numery telefon\u00f3w wymagane w celu odzyskania konta lub&nbsp; zdj\u0119cia profilowe dodawane do kont G Suite dla Szk\u00f3\u0142 i Uczelni.&nbsp;<\/p>\n\n\n\n<p>Ponadto Google gromadzi informacje zwi\u0105zane z u\u017cywaniem us\u0142ug Google przez uczni\u00f3w.&nbsp; Obejmuje to m.in.:&nbsp;<\/p>\n\n\n\n<p>\u2219 informacje o urz\u0105dzeniu, takie jak model, wersja systemu operacyjnego, unikatowy&nbsp; identyfikator oraz informacje o sieci kom\u00f3rkowej, w tym numer telefonu;&nbsp;&nbsp;<\/p>\n\n\n\n<p>\u2219 informacje z dziennika, w tym szczeg\u00f3\u0142y u\u017cywania us\u0142ug Google, informacje o zdarzeniach&nbsp; zwi\u0105zanych z urz\u0105dzeniem oraz adres IP u\u017cytkownika;&nbsp;&nbsp;<\/p>\n\n\n\n<p>\u2219 informacje o lokalizacji gromadzone r\u00f3\u017cnymi metodami, w tym przy u\u017cyciu adres\u00f3w IP,&nbsp; urz\u0105dze\u0144 GPS i innych czujnik\u00f3w;&nbsp;&nbsp;<\/p>\n\n\n\n<p>\u2219 unikatowe dane aplikacji, takie jak numer wersji aplikacji;&nbsp;&nbsp;<\/p>\n\n\n\n<p>\u2219 pliki cookie i dane podobnych technologii, kt\u00f3re s\u0105 u\u017cywane do gromadzenia&nbsp; i przechowywania informacji o przegl\u0105darce lub urz\u0105dzeniu, takich jak preferowany j\u0119zyk&nbsp; i inne ustawienia.&nbsp;&nbsp;<\/p>\n\n\n\n<p><strong>Jak Google wykorzystuje te informacje?&nbsp;<\/strong><\/p>\n\n\n\n<p>Google u\u017cywa danych osobowych uczni\u00f3w do udost\u0119pniania, obs\u0142ugi i ochrony <strong>podstawowych&nbsp; us\u0142ug <\/strong>G Suite dla Szk\u00f3\u0142 i Uczelni. Google nie wy\u015bwietla reklam w obr\u0119bie podstawowego zestawu&nbsp; us\u0142ug ani nie u\u017cywa danych osobowych pochodz\u0105cych z tych us\u0142ug do cel\u00f3w reklamowych.&nbsp;<\/p>\n\n\n\n<p>Google u\u017cywa informacji ze wszystkich us\u0142ug dodatkowych do udost\u0119pniania, obs\u0142ugi, ochrony&nbsp; i ulepszania tych us\u0142ug oraz opracowywania nowych, a tak\u017ce do ochrony firmy Google&nbsp; i u\u017cytkownik\u00f3w jej us\u0142ug. Google mo\u017ce r\u00f3wnie\u017c u\u017cywa\u0107 tych informacji do proponowania tre\u015bci&nbsp; lepiej dostosowanych do potrzeb, np. dok\u0142adniejszych wynik\u00f3w wyszukiwania. Google mo\u017ce&nbsp; \u0142\u0105czy\u0107 dane osobowe z jednej us\u0142ugi z informacjami, w tym danymi osobowymi, z innych us\u0142ug&nbsp; Google.&nbsp;<\/p>\n\n\n\n<p><strong>Czy Google wykorzystuje dane osobowe uczni\u00f3w szk\u00f3\u0142 podstawowych i&nbsp; ponadpodstawowych do kierowania reklam?&nbsp;<\/strong><\/p>\n\n\n\n<p>Nie. W przypadku u\u017cytkownik\u00f3w G Suite dla Szk\u00f3\u0142 i Uczelni ze szk\u00f3\u0142 podstawowych&nbsp; i ponadpodstawowych Google nie wykorzystuje \u017cadnych danych osobowych (ani \u017cadnych&nbsp; informacji zwi\u0105zanych z kontem G Suite dla Szk\u00f3\u0142 i Uczelni) do kierowania reklam. Dotyczy to&nbsp; zar\u00f3wno us\u0142ug podstawowych, jak i innych us\u0142ug dodatkowych u\u017cywanych na koncie G Suite dla&nbsp; Szk\u00f3\u0142 i Uczelni.&nbsp;<\/p>\n\n\n\n<p><strong>Czy dziecko mo\u017ce udost\u0119pnia\u0107 informacje innym osobom za pomoc\u0105 konta&nbsp; G Suite dla Szk\u00f3\u0142 i Uczelni?&nbsp;<\/strong><\/p>\n\n\n\n<p>Mo\u017cemy zezwala\u0107 uczniom na dost\u0119p do us\u0142ug Google, takich jak Dokumenty Google i Witryny,&nbsp; kt\u00f3re zawieraj\u0105 funkcje umo\u017cliwiaj\u0105ce udost\u0119pnianie informacji innym u\u017cytkownikom lub&nbsp; szerszemu gronu os\u00f3b. Informacje udost\u0119pnione publicznie mog\u0105 podlega\u0107 indeksowaniu przez&nbsp; wyszukiwarki, np. Google.&nbsp;<\/p>\n\n\n\n<p><strong>Czy Google ujawnia dane osobowe dziecka?&nbsp;<\/strong><\/p>\n\n\n\n<p>Google nie udost\u0119pnia danych osobowych firmom, organizacjom ani osobom spoza firmy Google,&nbsp; je\u015bli nie zaistnieje co najmniej jedna z nast\u0119puj\u0105cych okoliczno\u015bci:<\/p>\n\n\n\n<p>\u2219 <strong>Zgoda rodzica lub opiekuna. <\/strong>Google mo\u017ce udost\u0119pni\u0107 dane osobowe niepe\u0142noletnich&nbsp; u\u017cytkownik\u00f3w firmom, organizacjom lub osobom spoza firmy Google za zgod\u0105 rodzic\u00f3w&nbsp; tych u\u017cytkownik\u00f3w, mo\u017cliw\u0105 do uzyskania przez szko\u0142y korzystaj\u0105ce z G Suite dla Szk\u00f3\u0142&nbsp; i Uczelni.&nbsp;&nbsp;<\/p>\n\n\n\n<p>\u2219 <strong>Przy pomocy&nbsp;&nbsp;<\/strong><\/p>\n\n\n\n<p>Szko\u0142y Podstawowej im. Jana Brzechwy w Szklarach G\u00f3rnych.&nbsp;<\/p>\n\n\n\n<p>\u2219 Konta G Suite dla Szk\u00f3\u0142 i Uczelni s\u0105 zarz\u0105dzane przez szko\u0142y. Administratorzy w tych&nbsp; plac\u00f3wkach maj\u0105 dost\u0119p do informacji przechowywanych na tych kontach.&nbsp;&nbsp;<\/p>\n\n\n\n<p>\u2219 <strong>Udost\u0119pnianie w zwi\u0105zku z przetwarzaniem danych poza Google. <\/strong>Dane osobowe&nbsp; mo\u017cemy przekazywa\u0107 podmiotom stowarzyszonym i innym zaufanym firmom lub osobom,&nbsp; kt\u00f3re przetwarzaj\u0105 je na potrzeby Google zgodnie z naszymi instrukcjami i Informacjami na&nbsp; temat ochrony prywatno\u015bci w G Suite dla Szk\u00f3\u0142 i Uczelni oraz przy zastosowaniu wszelkich&nbsp; odpowiednich \u015brodk\u00f3w ochrony poufno\u015bci i bezpiecze\u0144stwa informacji.&nbsp;&nbsp;<\/p>\n\n\n\n<p>\u2219 <strong>Udost\u0119pnianie ze wzgl\u0119d\u00f3w prawnych. <\/strong>Google udost\u0119pni dane osobowe innym firmom,&nbsp; organizacjom lub osobom spoza Google, je\u015bli stwierdzi w dobrej wierze, \u017ce dost\u0119p do tych&nbsp; danych, ich wykorzystanie, przechowywanie lub ujawnienie s\u0105 niezb\u0119dne, aby:&nbsp;&nbsp;<\/p>\n\n\n\n<p>\u2219 zapewnia\u0107 zgodno\u015b\u0107 z obowi\u0105zuj\u0105cym prawem, przepisami, procedur\u0105 prawn\u0105 lub&nbsp; prawomocnym \u017c\u0105daniem instytucji pa\u0144stwowej;&nbsp;&nbsp;<\/p>\n\n\n\n<p>\u2219 egzekwowa\u0107 obowi\u0105zuj\u0105ce Warunki korzystania z us\u0142ugi, w tym bada\u0107 potencjalne&nbsp; naruszenia;&nbsp;&nbsp;<\/p>\n\n\n\n<p>\u2219 wykrywa\u0107 oszustwa i zapobiega\u0107 ich wyst\u0119powaniu, a tak\u017ce rozwi\u0105zywa\u0107 inne&nbsp; problemy dotycz\u0105ce oszustw, bezpiecze\u0144stwa i kwestii technicznych;&nbsp;&nbsp;<\/p>\n\n\n\n<p>\u2219 chroni\u0107 prawa, w\u0142asno\u015b\u0107 lub bezpiecze\u0144stwo firmy Google, u\u017cytkownik\u00f3w jej us\u0142ug&nbsp; oraz pozosta\u0142ych os\u00f3b w spos\u00f3b wymagany b\u0105d\u017a dozwolony przez przepisy prawa.&nbsp;&nbsp;<\/p>\n\n\n\n<p>Google udost\u0119pnia r\u00f3wnie\u017c informacje niezawieraj\u0105ce danych osobowych \u2013 np. informacje&nbsp; o trendach w korzystaniu z us\u0142ug Google \u2013 swoim partnerom oraz do u\u017cytku publicznego.&nbsp;<\/p>\n\n\n\n<p><strong>Jakie prawa ma rodzic lub opiekun?&nbsp;<\/strong><\/p>\n\n\n\n<p>Przede wszystkim mog\u0105 Pa\u0144stwo zgodzi\u0107 si\u0119 na zbieranie i u\u017cywanie przez Google informacji o&nbsp; Waszym dziecku. W razie niewyra\u017cenia zgody nie utworzymy konta G Suite dla Szk\u00f3\u0142 i Uczelni dla&nbsp; Pa\u0144stwa dziecka, a Google nie b\u0119dzie zbiera\u0107 ani u\u017cywa\u0107 informacji o Pa\u0144stwa dziecku zgodnie z&nbsp; opisem zawartym w tym dokumencie.&nbsp;<\/p>\n\n\n\n<p>Po wyra\u017ceniu zgody na korzystanie z G Suite dla Szk\u00f3\u0142 i Uczelni przez Wasze dziecko otrzymuj\u0105&nbsp; Pa\u0144stwo mo\u017cliwo\u015b\u0107 wgl\u0105du na konto dziecka i mog\u0105 Pa\u0144stwo poprosi\u0107 o usuni\u0119cie tego konta.&nbsp; W tym celu nale\u017cy skontaktowa\u0107 si\u0119 z administratorem szko\u0142y:&nbsp;<\/p>\n\n\n\n<p>Anna Kosacz-Gol<\/p>\n\n\n\n<p>akosaczgol@spszklarygorne.pl\u00a0<\/p>\n\n\n\n<p>Je\u015bli chc\u0105 Pa\u0144stwo nakaza\u0107 zaprzestanie dalszego zbierania lub u\u017cywania informacji o Waszym&nbsp; dziecku, mog\u0105 Pa\u0144stwo poprosi\u0107 nas o ograniczenie dost\u0119pu dziecka do funkcji lub us\u0142ug za&nbsp; pomoc\u0105 dost\u0119pnych metod albo o ca\u0142kowite usuni\u0119cie konta dziecka. Aby wy\u015bwietli\u0107 dane osobowe&nbsp; i ustawienia konta oraz zarz\u0105dza\u0107 nimi, mo\u017cna r\u00f3wnie\u017c wej\u015b\u0107 na stron\u0119&nbsp;&nbsp;<\/p>\n\n\n\n<p>https:\/\/myaccount.google.com (wymagane jest zalogowanie na konto G Suite dla Szk\u00f3\u0142 i Uczelni). <strong>Co mam zrobi\u0107, je\u015bli nadal mam pytania lub chc\u0119 dowiedzie\u0107 si\u0119 wi\u0119cej?&nbsp;<\/strong><\/p>\n\n\n\n<p>W przypadku pyta\u0144 zwi\u0105zanych z prawami rodzic\u00f3w lub u\u017cywaniem przez nas kont Google G Suite&nbsp; dla Szk\u00f3\u0142 i Uczelni nale\u017cy skontaktowa\u0107 si\u0119 z<\/p>\n\n\n\n<p>Tomasz Haber&nbsp;<\/p>\n\n\n\n<p>habertom@spszklarygorne.pl&nbsp;<\/p>\n\n\n\n<p>Wi\u0119cej informacji na temat tego, jak Google gromadzi, wykorzystuje i ujawnia dane osobowe w&nbsp; celu \u015bwiadczenia us\u0142ug mo\u017cna znale\u017a\u0107 w Centrum ochrony prywatno\u015bci G Suite dla Szk\u00f3\u0142 i Uczelni (na stronie https:\/\/www.google.com\/edu\/trust\/), Informacjach na temat ochrony prywatno\u015bci w &nbsp;G Suite dla Szk\u00f3\u0142 i Uczelni (na stronie https:\/\/gsuite.google.com\/terms\/education_privacy.html)&nbsp; oraz Polityce prywatno\u015bci Google (na stronie https:\/\/www.google.com\/intl\/pl\/policies\/privacy\/).&nbsp;<\/p>\n\n\n\n<p>Us\u0142ugi podstawowe G Suite dla Szk\u00f3\u0142 i Uczelni s\u0105 \u015bwiadczone w ramach umowy na korzystanie z &nbsp;G Suite dla Szk\u00f3\u0142 i Uczelni (dost\u0119pnej na stronie&nbsp;&nbsp;<\/p>\n\n\n\n<p><a href=\"https:\/\/www.google.com\/apps\/intl\/pl\/terms\/education_terms.html)\">https:\/\/www.google.com\/apps\/intl\/pl\/terms\/education_terms.html)<\/a><\/p>\n\n\n\n<p>oraz zgodnie ze Zmianami w zasadach przetwarzania danych (dost\u0119pnymi na stronie&nbsp; <a href=\"https:\/\/www.google.com\/intl\/pl\/work\/apps\/terms\/dpa_terms.html\" target=\"_blank\" rel=\"noreferrer noopener\">https:\/\/www.google.com\/intl\/pl\/work\/apps\/terms\/dpa_terms.html<\/a><\/p>\n","protected":false},"excerpt":{"rendered":"<p>Informacje dla rodzic\u00f3w i opiekun\u00f3w na temat G Suite dla&nbsp; Szk\u00f3\u0142 i Uczelni&nbsp; Poni\u017cej opisano, jakie dane osobowe z kont uczni\u00f3w s\u0105 udost\u0119pniane firmie Google, oraz podano&nbsp; informacje o tym, w jaki spos\u00f3b Google gromadzi, wykorzystuje i ujawnia te dane <a href=\"https:\/\/spszklarygorne.pl\/?page_id=5039\" class=\"read-more\">Czytaj dalej<\/a><\/p>\n","protected":false},"author":1,"featured_media":0,"parent":0,"menu_order":0,"comment_status":"closed","ping_status":"closed","template":"","meta":{"footnotes":""},"class_list":["post-5039","page","type-page","status-publish","hentry"],"_links":{"self":[{"href":"https:\/\/spszklarygorne.pl\/index.php?rest_route=\/wp\/v2\/pages\/5039","targetHints":{"allow":["GET"]}}],"collection":[{"href":"https:\/\/spszklarygorne.pl\/index.php?rest_route=\/wp\/v2\/pages"}],"about":[{"href":"https:\/\/spszklarygorne.pl\/index.php?rest_route=\/wp\/v2\/types\/page"}],"author":[{"embeddable":true,"href":"https:\/\/spszklarygorne.pl\/index.php?rest_route=\/wp\/v2\/users\/1"}],"replies":[{"embeddable":true,"href":"https:\/\/spszklarygorne.pl\/index.php?rest_route=%2Fwp%2Fv2%2Fcomments&post=5039"}],"version-history":[{"count":5,"href":"https:\/\/spszklarygorne.pl\/index.php?rest_route=\/wp\/v2\/pages\/5039\/revisions"}],"predecessor-version":[{"id":11081,"href":"https:\/\/spszklarygorne.pl\/index.php?rest_route=\/wp\/v2\/pages\/5039\/revisions\/11081"}],"wp:attachment":[{"href":"https:\/\/spszklarygorne.pl\/index.php?rest_route=%2Fwp%2Fv2%2Fmedia&parent=5039"}],"curies":[{"name":"wp","href":"https:\/\/api.w.org\/{rel}","templated":true}]}}