{"id":5131,"date":"2020-09-17T22:57:45","date_gmt":"2020-09-17T20:57:45","guid":{"rendered":"http:\/\/spszklarygorne.pl\/?page_id=5131"},"modified":"2020-09-17T22:57:45","modified_gmt":"2020-09-17T20:57:45","slug":"certyfikaty-szkoly","status":"publish","type":"page","link":"https:\/\/spszklarygorne.pl\/?page_id=5131","title":{"rendered":"Certyfikaty szko\u0142y"},"content":{"rendered":"\n<p>Certyfikat \u201e<strong>Szko\u0142a dbaj\u0105ca o bezpiecze\u0144stwo<\/strong>\u201d<br>Certyfikat \u201e<strong>Wszystkie kolory \u015bwiata<\/strong>\u201d<br>Certyfikat \u201e<strong>Przyjazna szko\u0142a dla sze\u015bciolatka<\/strong>\u201d<br>Certyfikat \u201e<strong>Bezpieczna Szko\u0142a<\/strong>\u201e<\/p>\n","protected":false},"excerpt":{"rendered":"<p>Certyfikat \u201eSzko\u0142a dbaj\u0105ca o bezpiecze\u0144stwo\u201dCertyfikat \u201eWszystkie kolory \u015bwiata\u201dCertyfikat \u201ePrzyjazna szko\u0142a dla sze\u015bciolatka\u201dCertyfikat \u201eBezpieczna Szko\u0142a\u201e<\/p>\n","protected":false},"author":1,"featured_media":0,"parent":0,"menu_order":0,"comment_status":"closed","ping_status":"closed","template":"","meta":{"footnotes":""},"class_list":["post-5131","page","type-page","status-publish","hentry"],"_links":{"self":[{"href":"https:\/\/spszklarygorne.pl\/index.php?rest_route=\/wp\/v2\/pages\/5131","targetHints":{"allow":["GET"]}}],"collection":[{"href":"https:\/\/spszklarygorne.pl\/index.php?rest_route=\/wp\/v2\/pages"}],"about":[{"href":"https:\/\/spszklarygorne.pl\/index.php?rest_route=\/wp\/v2\/types\/page"}],"author":[{"embeddable":true,"href":"https:\/\/spszklarygorne.pl\/index.php?rest_route=\/wp\/v2\/users\/1"}],"replies":[{"embeddable":true,"href":"https:\/\/spszklarygorne.pl\/index.php?rest_route=%2Fwp%2Fv2%2Fcomments&post=5131"}],"version-history":[{"count":1,"href":"https:\/\/spszklarygorne.pl\/index.php?rest_route=\/wp\/v2\/pages\/5131\/revisions"}],"predecessor-version":[{"id":5132,"href":"https:\/\/spszklarygorne.pl\/index.php?rest_route=\/wp\/v2\/pages\/5131\/revisions\/5132"}],"wp:attachment":[{"href":"https:\/\/spszklarygorne.pl\/index.php?rest_route=%2Fwp%2Fv2%2Fmedia&parent=5131"}],"curies":[{"name":"wp","href":"https:\/\/api.w.org\/{rel}","templated":true}]}}