{"id":5398,"date":"2020-10-05T22:54:41","date_gmt":"2020-10-05T20:54:41","guid":{"rendered":"http:\/\/spszklarygorne.pl\/?page_id=5398"},"modified":"2025-04-01T22:40:12","modified_gmt":"2025-04-01T20:40:12","slug":"deklaracja-dostepnosci","status":"publish","type":"page","link":"https:\/\/spszklarygorne.pl\/?page_id=5398","title":{"rendered":"DEKLARACJA DOST\u0118PNO\u015aCI"},"content":{"rendered":"\n<p id=\"a11y-wstep\">Szko\u0142a Podstawowa im. Jana Brzechwy w Szklarach G\u00f3rnych zobowi\u0105zuje si\u0119 zapewni\u0107 dost\u0119pno\u015b\u0107 swojej strony internetowej zgodnie z ustaw\u0105 z dnia 4 kwietnia 2019 r. o dost\u0119pno\u015bci cyfrowej stron internetowych i aplikacji mobilnych podmiot\u00f3w publicznych.<\/p>\n\n\n\n<p>Deklaracja dost\u0119pno\u015bci dotyczy strony <a href=\"http:\/\/www.spszklarygorne.pl\" target=\"_blank\" rel=\"noreferrer noopener\">http:\/\/www.spszklarygorne.pl<\/a>.<\/p>\n\n\n\n<ul class=\"wp-block-list\">\n<li>Data publikacji strony internetowej:26 sierpnia 2016 r.<\/li>\n\n\n\n<li>Data ostatniej istotnej aktualizacji:14 wrze\u015bnia 2020 r.<\/li>\n<\/ul>\n\n\n\n<h2 class=\"wp-block-heading\">Stan dost\u0119pno\u015bci cyfrowej<\/h2>\n\n\n\n<p id=\"a11y-status\">Ta strona internetowa jest cz\u0119\u015bciowo zgodna z za\u0142\u0105cznikiem do ustawy o dost\u0119pno\u015bci cyfrowej z dnia 4 kwietnia 2019 r. o dost\u0119pno\u015bci cyfrowej stron internetowych i aplikacji mobilnych podmiot\u00f3w publicznych z powodu [niezgodno\u015bci i wy\u0142\u0105cze\u0144] wymienionych poni\u017cej.<\/p>\n\n\n\n<h2 class=\"wp-block-heading\">Niedost\u0119pne tre\u015bci<\/h2>\n\n\n\n<h3 class=\"wp-block-heading\">Niezgodno\u015b\u0107 z za\u0142\u0105cznikiem<\/h3>\n\n\n\n<ul class=\"wp-block-list\">\n<li>Filmy nie s\u0105 dost\u0119pne cyfrowo,<br>tre\u015bci graficzne nie posiadaj\u0105 opis\u00f3w alternatywnych,<br>listy element\u00f3w nie listami w kodzie (brak ul lub ol),<br>tre\u015bci graficzne zawieraj\u0105 tekst niemo\u017cliwy do odczytania przez czytniki ekranowe,<br>focus na stronie dzia\u0142a w z\u0142ej kolejno\u015bci i nie jest widoczny,<br>strona nie posiada kilku dr\u00f3g dotarcia do podstron,<br>linki umieszczane na stronie nie s\u0105 poprawnie opisywane,<br>nag\u0142\u00f3wek H1 nie posiada tekstowego opisu,<br>za\u0142\u0105czane dokumenty nie s\u0105 dost\u0119pne cyfrowo,<br>strona zawiera kilka b\u0142\u0119d\u00f3w w kodzie,.<\/li>\n<\/ul>\n\n\n\n<h2 class=\"wp-block-heading\">Przygotowanie deklaracji dost\u0119pno\u015bci<\/h2>\n\n\n\n<ul class=\"wp-block-list\">\n<li>Data sporz\u0105dzenia deklaracji: 18 marca 2025 r.<\/li>\n\n\n\n<li>Data ostatniego przegl\u0105du deklaracji: 26 lutego 2024 r.<\/li>\n<\/ul>\n\n\n\n<p><a href=\"https:\/\/spszklarygorne.pl\/wp-content\/uploads\/2025\/04\/Raport-spszklarygorne-pl.pdf\">link do raportu<\/a><\/p>\n\n\n\n<h2 class=\"wp-block-heading\">Informacje zwrotne i dane kontaktowe<\/h2>\n\n\n\n<p>Wszystkie problemy z dost\u0119pno\u015bci\u0105 cyfrow\u0105 tej strony internetowej mo\u017cesz zg\u0142osi\u0107 do Maciej Stefaniak &#8211; mejlowo <a href=\"mailto:sekretariat@spszklarygorne.pl\">sekretariat@spszklarygorne.pl<\/a> lub telefonicznie (76) 844 84 86.<\/p>\n\n\n\n<p>Ka\u017cdy ma prawo wyst\u0105pi\u0107 z \u017c\u0105daniem zapewnienia dost\u0119pno\u015bci cyfrowej tej strony internetowej lub jej element\u00f3w.<\/p>\n\n\n\n<p>Zg\u0142aszaj\u0105c takie \u017c\u0105danie podaj:<\/p>\n\n\n\n<ul class=\"wp-block-list\">\n<li>swoje imi\u0119 i nazwisko,<\/li>\n\n\n\n<li>swoje dane kontaktowe (np. numer telefonu, e-mail),<\/li>\n\n\n\n<li>dok\u0142adny adres strony internetowej, na kt\u00f3rej jest niedost\u0119pny cyfrowo element lub tre\u015b\u0107,<\/li>\n\n\n\n<li>opis na czym polega problem i jaki spos\u00f3b jego rozwi\u0105zania by\u0142by dla Ciebie najwygodniejszy.<\/li>\n<\/ul>\n\n\n\n<p>Na Twoje zg\u0142oszenie odpowiemy najszybciej jak to mo\u017cliwe, nie p\u00f3\u017aniej ni\u017c w ci\u0105gu 7 dni od jego otrzymania.<\/p>\n\n\n\n<p>Je\u017celi ten termin b\u0119dzie dla nas zbyt kr\u00f3tki poinformujemy Ci\u0119 o tym. W tej informacji podamy nowy termin, do kt\u00f3rego poprawimy zg\u0142oszone przez Ciebie b\u0142\u0119dy lub przygotujemy informacje w alternatywny spos\u00f3b. Ten nowy termin nie b\u0119dzie d\u0142u\u017cszy ni\u017c 2 miesi\u0105ce.<\/p>\n\n\n\n<p>Je\u017celi nie b\u0119dziemy w stanie zapewni\u0107 dost\u0119pno\u015bci cyfrowej strony internetowej lub tre\u015bci, wskazanej w Twoim \u017c\u0105daniu, zaproponujemy Ci dost\u0119p do nich w alternatywny spos\u00f3b.<\/p>\n\n\n\n<h2 class=\"wp-block-heading\">Obs\u0142uga wniosk\u00f3w i skarg zwi\u0105zanych z dost\u0119pno\u015bci\u0105<\/h2>\n\n\n\n<p>Je\u017celi w odpowiedzi na Tw\u00f3j wniosek o zapewnienie dost\u0119pno\u015bci cyfrowej, odm\u00f3wimy zapewnienia \u017c\u0105danej przez Ciebie dost\u0119pno\u015bci cyfrowej, a Ty nie zgadzasz si\u0119 z t\u0105 odmow\u0105, masz prawo z\u0142o\u017cy\u0107 skarg\u0119.<\/p>\n\n\n\n<p>Skarg\u0119 masz prawo z\u0142o\u017cy\u0107 tak\u017ce, je\u015bli nie zgadzasz si\u0119 na skorzystanie z alternatywnego sposobu dost\u0119pu, kt\u00f3ry zaproponowali\u015bmy Ci w odpowiedzi na Tw\u00f3j wniosek o zapewnienie dost\u0119pno\u015bci cyfrowej.<\/p>\n\n\n\n<p>Ewentualn\u0105 skarg\u0119 z\u0142\u00f3\u017c listownie lub mailem do kierownictwa naszego urz\u0119du:<\/p>\n\n\n\n<ul class=\"wp-block-list\">\n<li>El\u017cbieta Piasny &#8211; Dyrektor Szko\u0142y Podstawowej im. Jana Brzechwy w Szklarach G\u00f3rnych,<\/li>\n\n\n\n<li>Adres: Szklary G\u00f3rne 48, 59-335 Lubin,<\/li>\n\n\n\n<li>mejl: <a href=\"mailto:sekretariat@spszklarygorne.pl\">sekretariat@spszklarygorne.pl<\/a>.<\/li>\n<\/ul>\n\n\n\n<p><a href=\"https:\/\/www.gov.pl\/web\/gov\/zloz-wniosek-o-zapewnienie-dostepnosci-cyfrowej-strony-internetowej-lub-aplikacji-mobilnej\">Pomocne mog\u0105 by\u0107 informacje, kt\u00f3re mo\u017cna znale\u017a\u0107 na rz\u0105dowym portalu gov.pl<\/a>.<\/p>\n\n\n\n<p>Mo\u017cesz tak\u017ce poinformowa\u0107 o tej sytuacji <a href=\"https:\/\/bip.brpo.gov.pl\/\">Rzecznika Praw Obywatelskich<\/a> i poprosi\u0107 o interwencj\u0119 w Twojej sprawie.<\/p>\n\n\n\n<h2 class=\"wp-block-heading\">Pozosta\u0142e informacje<\/h2>\n\n\n\n<h3 class=\"wp-block-heading\">Dost\u0119pno\u015b\u0107 architektoniczna<\/h3>\n\n\n\n<h4 class=\"wp-block-heading\">Szko\u0142a Podstawowa im. Jana Brzechwy w Szklarach G\u00f3rnych<\/h4>\n\n\n\n<p>Szklary G\u00f3rne 48<\/p>\n\n\n\n<p>59-335 Lubin<\/p>\n\n\n\n<p>Opis dost\u0119pno\u015bci architektonicznej<\/p>\n\n\n\n<figure class=\"wp-block-table\"><table class=\"has-fixed-layout\"><tbody><tr><td>Dostosowanie wej\u015b\u0107 do budynk\u00f3w<\/td><td>Do budynku mo\u017cna wej\u015b\u0107 dwoma wej\u015bciami, kt\u00f3re maj\u0105 podjazdy dla os\u00f3b niepe\u0142nosprawnych, senior\u00f3w i os\u00f3b z dzie\u0107mi<\/td><\/tr><tr><td>Dostosowanie korytarzy<\/td><td>Korytarze szerokie, bez prog\u00f3w i innych utrudnie\u0144 dla os\u00f3b poruszaj\u0105cych si\u0119 na w\u00f3zkach<\/td><\/tr><tr><td>Dostosowanie schod\u00f3w<\/td><td>Brak mo\u017cliwo\u015bci dostania si\u0119 na pi\u0119tro z powodu braku platformy<\/td><\/tr><tr><td>Dostosowanie wind<\/td><td>Brak wind<\/td><\/tr><tr><td>Dost\u0119pno\u015b\u0107 pochylni<\/td><td>Przed wej\u015bciami do budynku<\/td><\/tr><tr><td>Dost\u0119pno\u015b\u0107 platform<\/td><td>Brak<\/td><\/tr><tr><td>Dost\u0119pno\u015b\u0107 informacji g\u0142osowych<\/td><td>Brak<\/td><\/tr><tr><td>Dost\u0119pno\u015b\u0107 p\u0119tli indukcyjnych<\/td><td>Brak<\/td><\/tr><tr><td>Dostosowanie parking\u00f3w<\/td><td>Brak wyznaczonego miejsca parkingowego dla os\u00f3b niepe\u0142nosprawnych. Parking przy szkole ma 6 miejsc parkingowych<\/td><\/tr><tr><td>Prawo wst\u0119pu z psem asystuj\u0105cym<\/td><td>Mo\u017cliwo\u015b\u0107 wej\u015bcia na teren szko\u0142y z psem asystuj\u0105cym<\/td><\/tr><tr><td>Dost\u0119pno\u015b\u0107 t\u0142umacza j\u0119zyka migowego<\/td><td>Brak mo\u017cliwo\u015bci skorzystania z t\u0142umacza j\u0119zyka migowego na miejscu<\/td><\/tr><\/tbody><\/table><\/figure>\n\n\n\n<p>Na parterze znajduje si\u0119 toaleta dla niepe\u0142nosprawnych<\/p>\n\n\n\n<p>Aby zapewni\u0107 ewakuacj\u0119 lub ratowanie os\u00f3b wewn\u0105trz budynku, podmiot zapewnia: procedury ewakuacji lub ratowania, sprz\u0119t lub miejsce do ewakuacji lub ratowania, pracownik\u00f3w przeszkolonych z procedur ewakuacji lub ratowania.<\/p>\n\n\n\n<h3 class=\"wp-block-heading\">Dost\u0119pno\u015b\u0107 komunikacyjno-informacyjna<\/h3>\n\n\n\n<p id=\"a11y-wstep\">Opis dost\u0119pno\u015bci komunikacyjno-informacyjnej<\/p>\n\n\n\n<figure class=\"wp-block-table\"><table class=\"has-fixed-layout\"><tbody><tr><td colspan=\"2\"><strong>Wspierania kontaktowania si\u0119 z os\u00f3b ze szczeg\u00f3lnymi potrzebami<\/strong><\/td><\/tr><tr><td>Formularz kontaktowy<\/td><td>Nie<\/td><\/tr><tr><td>Kontakt za pomoc\u0105 poczty elektronicznej<\/td><td>Tak<\/td><\/tr><tr><td>Przesy\u0142anie wiadomo\u015bci tekstowych z wykorzystaniem wiadomo\u015bci SMS, MMS lub komunikator\u00f3w internetowych<\/td><td>Nie<\/td><\/tr><tr><td>Komunikacja audiowizualna w tym z wykorzystaniem komunikator\u00f3w internetowych<\/td><td>Nie<\/td><\/tr><tr><td>Przyjmowanie faks\u00f3w<\/td><td>Nie<\/td><\/tr><tr><td>Wykorzystanie t\u0142umacza j\u0119zyka migowego przez strony internetowe i\/ lub aplikacje<\/td><td>Nie<\/td><\/tr><tr><td>Pomoc t\u0142umacza j\u0119zyka migowego \u2013 kontakt osobisty<\/td><td>Nie<\/td><\/tr><tr><td>Kontakt za pomoc\u0105 t\u0142umacza \u2013 przewodnika \u2013 kontakt osobisty<\/td><td>Nie<\/td><\/tr><\/tbody><\/table><\/figure>\n\n\n\n<figure class=\"wp-block-table\"><table class=\"has-fixed-layout\"><tbody><tr><td colspan=\"2\"><strong>Urz\u0105dzenia lub \u015brodki techniczne do obs\u0142ugi os\u00f3b s\u0142abos\u0142ysz\u0105cych<\/strong><\/td><\/tr><tr><td>P\u0119tle indykacyjne<\/td><td>Nie<\/td><\/tr><tr><td>System FM<\/td><td>Nie<\/td><\/tr><tr><td>System na podczerwie\u0144 (IR)<\/td><td>Nie<\/td><\/tr><tr><td>System Bluetooth<\/td><td>Nie<\/td><\/tr><tr><td>Inne<\/td><td>Nie<\/td><\/tr><\/tbody><\/table><\/figure>\n\n\n\n<p><\/p>\n","protected":false},"excerpt":{"rendered":"<p>Szko\u0142a Podstawowa im. Jana Brzechwy w Szklarach G\u00f3rnych zobowi\u0105zuje si\u0119 zapewni\u0107 dost\u0119pno\u015b\u0107 swojej strony internetowej zgodnie z ustaw\u0105 z dnia 4 kwietnia 2019 r. o dost\u0119pno\u015bci cyfrowej stron internetowych i aplikacji mobilnych podmiot\u00f3w publicznych. Deklaracja dost\u0119pno\u015bci dotyczy strony http:\/\/www.spszklarygorne.pl. Stan <a href=\"https:\/\/spszklarygorne.pl\/?page_id=5398\" class=\"read-more\">Czytaj dalej<\/a><\/p>\n","protected":false},"author":1,"featured_media":0,"parent":0,"menu_order":0,"comment_status":"closed","ping_status":"closed","template":"","meta":{"footnotes":""},"class_list":["post-5398","page","type-page","status-publish","hentry"],"_links":{"self":[{"href":"https:\/\/spszklarygorne.pl\/index.php?rest_route=\/wp\/v2\/pages\/5398","targetHints":{"allow":["GET"]}}],"collection":[{"href":"https:\/\/spszklarygorne.pl\/index.php?rest_route=\/wp\/v2\/pages"}],"about":[{"href":"https:\/\/spszklarygorne.pl\/index.php?rest_route=\/wp\/v2\/types\/page"}],"author":[{"embeddable":true,"href":"https:\/\/spszklarygorne.pl\/index.php?rest_route=\/wp\/v2\/users\/1"}],"replies":[{"embeddable":true,"href":"https:\/\/spszklarygorne.pl\/index.php?rest_route=%2Fwp%2Fv2%2Fcomments&post=5398"}],"version-history":[{"count":12,"href":"https:\/\/spszklarygorne.pl\/index.php?rest_route=\/wp\/v2\/pages\/5398\/revisions"}],"predecessor-version":[{"id":11605,"href":"https:\/\/spszklarygorne.pl\/index.php?rest_route=\/wp\/v2\/pages\/5398\/revisions\/11605"}],"wp:attachment":[{"href":"https:\/\/spszklarygorne.pl\/index.php?rest_route=%2Fwp%2Fv2%2Fmedia&parent=5398"}],"curies":[{"name":"wp","href":"https:\/\/api.w.org\/{rel}","templated":true}]}}