{"id":5714,"date":"2021-02-16T11:28:14","date_gmt":"2021-02-16T10:28:14","guid":{"rendered":"http:\/\/spszklarygorne.pl\/?page_id=5714"},"modified":"2021-02-16T11:28:15","modified_gmt":"2021-02-16T10:28:15","slug":"informacja-o-przetwarzaniu-danych-osobowych-zamowienia-publiczne-w-oparciu-o-pzp","status":"publish","type":"page","link":"https:\/\/spszklarygorne.pl\/?page_id=5714","title":{"rendered":"Informacja o przetwarzaniu danych osobowych &#8211; ZAM\u00d3WIENIA PUBLICZNE W OPARCIU O PZP"},"content":{"rendered":"\n<p><em>Zgodnie z art. 13 ust. 1 i ust. 2 Rozporz\u0105dzenia Parlamentu Europejskiego i Rady (UE) 2016\/679 z dnia 27 kwietnia 2016 r. w sprawie ochrony os\u00f3b fizycznych w zwi\u0105zku z przetwarzaniem danych osobowych i w sprawie swobodnego przep\u0142ywu takich danych oraz uchylenia <\/em><em>dyrektywy 95\/46\/WE (RODO), informujemy \u017ce:<\/em><\/p>\n\n\n\n<ol class=\"wp-block-list\" type=\"1\"><li>Administratorem Pani\/Pana danych osobowych jest Szko\u0142a Podstawowa im. Jana Brzechwy w Szklarach G\u00f3rnych, Szklary G\u00f3rne 48, 59-335 Lubin. Kontakt:( 76) 8448486, e-mail: sekretariat@spszklarygorne.pl&nbsp;<\/li><li>W sprawach zwi\u0105zanych z Pani\/Pana danymi osobowymi prosz\u0119 kontaktowa\u0107 si\u0119 z Inspektorem Ochrony Danych (IOD): e-mail: <a href=\"mailto:iodo@amt24.biz\">iodo@amt24.biz<\/a><\/li><li>Pani\/Pana dane osobowe przetwarzane b\u0119d\u0105 w celu przeprowadzenia post\u0119powania i udzieleniu zam\u00f3wienia, prowadzeniu dokumentacji ksi\u0119gowo-podatkowej, archiwizacji danych, dochodzenia roszcze\u0144 lub obron\u0105 przed roszczeniami.<\/li><li>Podstaw\u0105 przetwarzania danych osobowych jest:<ol><li>Ustawa z dnia 11 wrze\u015bnia 2019r. Prawo zam\u00f3wie\u0144 publicznych.<\/li><\/ol><ol><li>Ustawa z dnia 27 sierpnia 2009r. o finansach publicznych<\/li><\/ol><ol><li>Ustawa z dnia 14 lipca 1983r. o narodowym zasobie archiwalnym i archiwach<\/li><\/ol><ol><li>art. 6 pkt.1 lit. c RODO &#8211; przetwarzanie jest niezb\u0119dne do wype\u0142nienia obowi\u0105zku prawnego ci\u0105\u017c\u0105cego na administratorze.<\/li><\/ol><\/li><li>Odbiorca lub kategorie odbiorc\u00f3w: Podmioty upowa\u017cnione na podstawie zawartych um\u00f3w powierzenia oraz uprawnione na mocy obowi\u0105zuj\u0105cych przepis\u00f3w prawa. W szczeg\u00f3lno\u015bci osoby lub podmioty, kt\u00f3rym zostanie udost\u0119pniona dokumentacja post\u0119powania. Zasada jawno\u015bci ma zastosowanie do wszystkich danych osobowych z wyj\u0105tkiem danych o kt\u00f3rych mowa w art. 9 ust. 1 RODO (szczeg\u00f3lna kategoria danych),<\/li><li>Pani\/Pana dane osobowe b\u0119d\u0105 przetwarzane przez okres niezb\u0119dny do realizacji celu przetwarzania, po tym czasie b\u0119d\u0105 przetwarzane przez okres wymagany przez odr\u0119bne przepisy obowi\u0105zuj\u0105cego prawa.<\/li><li>Posiada Pani\/Pan prawo:<ol><li>Prawo \u017c\u0105dania dost\u0119pu do danych(w przypadku gdy wykonanie tego obowi\u0105zku, wymaga\u0142oby niewsp\u00f3\u0142miernie du\u017cego wysi\u0142ku, zamawiaj\u0105cy mo\u017ce \u017c\u0105da\u0107 od osoby, kt\u00f3rej dane dotycz\u0105, wskazania dodatkowych informacji maj\u0105cych na celu sprecyzowanie \u017c\u0105dania, w szczeg\u00f3lno\u015bci podania nazwy lub daty post\u0119powania o udzielenie zam\u00f3wienia publicznego lub konkursu).<\/li><\/ol><ol><li>Prawo \u017c\u0105dania sprostowania danych (wykonanie tego obowi\u0105zku nie mo\u017ce skutkowa\u0107 zmian\u0105 wyniku post\u0119powania ani zmian\u0105 postanowie\u0144 umowy w zakresie niezgodnym z ustaw\u0105 oraz nie mo\u017ce narusza\u0107 integralno\u015bci protoko\u0142u oraz jego za\u0142\u0105cznik\u00f3w).<\/li><\/ol><ol><li>Prawo usuni\u0119cia danych w przypadku gdy dane osobowe nie s\u0105 ju\u017c niezb\u0119dne do cel\u00f3w, w kt\u00f3rych zosta\u0142y zebrane lub w inny spos\u00f3b przetwarzane.<\/li><\/ol><ol><li>Prawo \u017c\u0105dania ograniczenia przetwarzania (wykonanie tego obowi\u0105zku nie ogranicza przetwarzania danych osobowych do czasu zako\u0144czenie post\u0119powania o udzielenie zam\u00f3wienia publicznego).<\/li><\/ol><\/li><li>Ma Pani\/Pan prawo do wniesienia skargi do organu nadzorczego tj. Prezesa Urz\u0119du Ochrony Danych Osobowych ul. Stawki 2, 00-913 Warszawa.<\/li><li>Pani\/Pana dane osobowe nie b\u0119d\u0105 poddawane zautomatyzowanemu podejmowaniu decyzji, w tym r\u00f3wnie\u017c profilowaniu.<\/li><li>Pani\/Pana dane osobowe nie b\u0119d\u0105 przekazywane do pa\u0144stw trzecich.<\/li><li>Podanie danych osobowych jest wymogiem ustawowym okre\u015blonym w przepisach ustawy PZP, zwi\u0105zanych z udzia\u0142em w post\u0119powaniu o udzielenie zam\u00f3wienia publicznego.<\/li><li>Konsekwencj\u0105 niepodania danych osobowych b\u0119dzie brak mo\u017cliwo\u015bci udzia\u0142u w post\u0119powaniu o udzielenie zam\u00f3wienia publicznego.<\/li><\/ol>\n","protected":false},"excerpt":{"rendered":"<p>Zgodnie z art. 13 ust. 1 i ust. 2 Rozporz\u0105dzenia Parlamentu Europejskiego i Rady (UE) 2016\/679 z dnia 27 kwietnia 2016 r. w sprawie ochrony os\u00f3b fizycznych w zwi\u0105zku z przetwarzaniem danych osobowych i w sprawie swobodnego przep\u0142ywu takich danych <a href=\"https:\/\/spszklarygorne.pl\/?page_id=5714\" class=\"read-more\">Czytaj dalej<\/a><\/p>\n","protected":false},"author":1,"featured_media":0,"parent":0,"menu_order":0,"comment_status":"closed","ping_status":"closed","template":"","meta":{"footnotes":""},"class_list":["post-5714","page","type-page","status-publish","hentry"],"_links":{"self":[{"href":"https:\/\/spszklarygorne.pl\/index.php?rest_route=\/wp\/v2\/pages\/5714","targetHints":{"allow":["GET"]}}],"collection":[{"href":"https:\/\/spszklarygorne.pl\/index.php?rest_route=\/wp\/v2\/pages"}],"about":[{"href":"https:\/\/spszklarygorne.pl\/index.php?rest_route=\/wp\/v2\/types\/page"}],"author":[{"embeddable":true,"href":"https:\/\/spszklarygorne.pl\/index.php?rest_route=\/wp\/v2\/users\/1"}],"replies":[{"embeddable":true,"href":"https:\/\/spszklarygorne.pl\/index.php?rest_route=%2Fwp%2Fv2%2Fcomments&post=5714"}],"version-history":[{"count":1,"href":"https:\/\/spszklarygorne.pl\/index.php?rest_route=\/wp\/v2\/pages\/5714\/revisions"}],"predecessor-version":[{"id":5715,"href":"https:\/\/spszklarygorne.pl\/index.php?rest_route=\/wp\/v2\/pages\/5714\/revisions\/5715"}],"wp:attachment":[{"href":"https:\/\/spszklarygorne.pl\/index.php?rest_route=%2Fwp%2Fv2%2Fmedia&parent=5714"}],"curies":[{"name":"wp","href":"https:\/\/api.w.org\/{rel}","templated":true}]}}