{"id":58,"date":"2016-08-26T08:25:46","date_gmt":"2016-08-26T08:25:46","guid":{"rendered":"http:\/\/serwer1636005.home.pl\/autoinstalator\/wordpress\/?page_id=58"},"modified":"2025-11-28T11:48:36","modified_gmt":"2025-11-28T10:48:36","slug":"kola-zainteresowan","status":"publish","type":"page","link":"https:\/\/spszklarygorne.pl\/?page_id=58","title":{"rendered":"Zaj\u0119cia dodatkowe"},"content":{"rendered":"\n<p><strong>w roku szkolnym 2025\/2026<\/strong><\/p>\n\n\n\n<ul class=\"wp-block-list\">\n<li><strong>Ko\u0142o \u201eGry i zabawy matematyczne\u201d &#8211; kl. IVb<\/strong><\/li>\n\n\n\n<li><strong>Kodowanie \u2013 klasy I-III<\/strong><\/li>\n\n\n\n<li><strong>Zdolny Matematyk \u2013 kl. Vb<\/strong><\/li>\n\n\n\n<li><strong>Ko\u0142o plastyczne \u201eCztery pory roku\u201d \u2013 kl. IIIa i IIIb<\/strong><\/li>\n\n\n\n<li><strong>Ko\u0142o M\u0105dra g\u0142\u00f3wka \u2013 kl. IIb<\/strong><\/li>\n\n\n\n<li><strong>Ko\u0142o M\u00f3wi\u0119 wyra\u017anie \u2013 kl. Ia<\/strong><\/li>\n\n\n\n<li><strong>Ko\u0142o Zdolny Pierwszak \u2013 kl. Ia<\/strong><\/li>\n\n\n\n<li><strong>Zabawy muzyczno \u2013 ruchowe \u2013 kl. I-III<\/strong><\/li>\n\n\n\n<li><strong>Ko\u0142o gier i zabaw \u2013 kl. I-III<\/strong><\/li>\n\n\n\n<li><strong>Ko\u0142o szachowe<\/strong><\/li>\n<\/ul>\n\n\n\n<p><\/p>\n","protected":false},"excerpt":{"rendered":"<p>w roku szkolnym 2025\/2026<\/p>\n","protected":false},"author":1,"featured_media":0,"parent":0,"menu_order":0,"comment_status":"closed","ping_status":"closed","template":"","meta":{"footnotes":""},"class_list":["post-58","page","type-page","status-publish","hentry"],"_links":{"self":[{"href":"https:\/\/spszklarygorne.pl\/index.php?rest_route=\/wp\/v2\/pages\/58","targetHints":{"allow":["GET"]}}],"collection":[{"href":"https:\/\/spszklarygorne.pl\/index.php?rest_route=\/wp\/v2\/pages"}],"about":[{"href":"https:\/\/spszklarygorne.pl\/index.php?rest_route=\/wp\/v2\/types\/page"}],"author":[{"embeddable":true,"href":"https:\/\/spszklarygorne.pl\/index.php?rest_route=\/wp\/v2\/users\/1"}],"replies":[{"embeddable":true,"href":"https:\/\/spszklarygorne.pl\/index.php?rest_route=%2Fwp%2Fv2%2Fcomments&post=58"}],"version-history":[{"count":21,"href":"https:\/\/spszklarygorne.pl\/index.php?rest_route=\/wp\/v2\/pages\/58\/revisions"}],"predecessor-version":[{"id":12763,"href":"https:\/\/spszklarygorne.pl\/index.php?rest_route=\/wp\/v2\/pages\/58\/revisions\/12763"}],"wp:attachment":[{"href":"https:\/\/spszklarygorne.pl\/index.php?rest_route=%2Fwp%2Fv2%2Fmedia&parent=58"}],"curies":[{"name":"wp","href":"https:\/\/api.w.org\/{rel}","templated":true}]}}