{"id":5926,"date":"2021-05-11T12:56:40","date_gmt":"2021-05-11T10:56:40","guid":{"rendered":"http:\/\/spszklarygorne.pl\/?page_id=5926"},"modified":"2025-04-02T00:06:15","modified_gmt":"2025-04-01T22:06:15","slug":"inne-dokumenty","status":"publish","type":"page","link":"https:\/\/spszklarygorne.pl\/?page_id=5926","title":{"rendered":"Inne dokumenty"},"content":{"rendered":"\n<h4 class=\"wp-block-heading\">Karta rowerowa<\/h4>\n\n\n\n<p>Poni\u017csze pliki do pobrania s\u0105 dokumentami w formacie docx (MS Word)<\/p>\n\n\n\n<div class=\"wp-block-file\"><a href=\"http:\/\/spszklarygorne.pl\/wp-content\/uploads\/2021\/05\/Regulamin-uzyskania-karty-rowerowej.docx\">Regulamin uzyskania karty rowerowej<\/a><a href=\"http:\/\/spszklarygorne.pl\/wp-content\/uploads\/2021\/05\/Regulamin-uzyskania-karty-rowerowej.docx\" class=\"wp-block-file__button wp-element-button\" download>Pobierz<br>docx, 11 kB<\/a><\/div>\n\n\n\n<div class=\"wp-block-file\"><a href=\"http:\/\/spszklarygorne.pl\/wp-content\/uploads\/2021\/05\/Zgoda-na-udzia\u0142-w-egzaminie-na-kart\u0119-rowerow\u0105.docx\">Zgoda na udzia\u0142 w egzaminie na kart\u0119 rowerow\u0105<\/a><a href=\"http:\/\/spszklarygorne.pl\/wp-content\/uploads\/2021\/05\/Zgoda-na-udzia\u0142-w-egzaminie-na-kart\u0119-rowerow\u0105.docx\" class=\"wp-block-file__button wp-element-button\" download>Pobierz<br>docx, 11 kB<\/a><\/div>\n\n\n\n<div class=\"wp-block-file\"><a href=\"http:\/\/spszklarygorne.pl\/wp-content\/uploads\/2021\/05\/arkusz_zaliczen.pdf\">Arkusz zalicze\u0144<\/a><a href=\"http:\/\/spszklarygorne.pl\/wp-content\/uploads\/2021\/05\/arkusz_zaliczen.pdf\" class=\"wp-block-file__button wp-element-button\" download>Pobierz<br>pdf, 47kB<\/a><\/div>\n\n\n\n<p><\/p>\n","protected":false},"excerpt":{"rendered":"<p>Karta rowerowa Poni\u017csze pliki do pobrania s\u0105 dokumentami w formacie docx (MS Word)<\/p>\n","protected":false},"author":1,"featured_media":0,"parent":0,"menu_order":0,"comment_status":"closed","ping_status":"closed","template":"","meta":{"footnotes":""},"class_list":["post-5926","page","type-page","status-publish","hentry"],"_links":{"self":[{"href":"https:\/\/spszklarygorne.pl\/index.php?rest_route=\/wp\/v2\/pages\/5926","targetHints":{"allow":["GET"]}}],"collection":[{"href":"https:\/\/spszklarygorne.pl\/index.php?rest_route=\/wp\/v2\/pages"}],"about":[{"href":"https:\/\/spszklarygorne.pl\/index.php?rest_route=\/wp\/v2\/types\/page"}],"author":[{"embeddable":true,"href":"https:\/\/spszklarygorne.pl\/index.php?rest_route=\/wp\/v2\/users\/1"}],"replies":[{"embeddable":true,"href":"https:\/\/spszklarygorne.pl\/index.php?rest_route=%2Fwp%2Fv2%2Fcomments&post=5926"}],"version-history":[{"count":5,"href":"https:\/\/spszklarygorne.pl\/index.php?rest_route=\/wp\/v2\/pages\/5926\/revisions"}],"predecessor-version":[{"id":11614,"href":"https:\/\/spszklarygorne.pl\/index.php?rest_route=\/wp\/v2\/pages\/5926\/revisions\/11614"}],"wp:attachment":[{"href":"https:\/\/spszklarygorne.pl\/index.php?rest_route=%2Fwp%2Fv2%2Fmedia&parent=5926"}],"curies":[{"name":"wp","href":"https:\/\/api.w.org\/{rel}","templated":true}]}}