{"id":8482,"date":"2023-04-27T12:46:30","date_gmt":"2023-04-27T10:46:30","guid":{"rendered":"http:\/\/spszklarygorne.pl\/?page_id=8482"},"modified":"2023-04-27T12:49:02","modified_gmt":"2023-04-27T10:49:02","slug":"szkola-mozliwosci-o-programie","status":"publish","type":"page","link":"https:\/\/spszklarygorne.pl\/?page_id=8482","title":{"rendered":"\u201eSzko\u0142a mo\u017cliwo\u015bci \u2013 wsparcie szk\u00f3\u0142 podstawowych w gminie Lubin\u201d"},"content":{"rendered":"\n<h2 class=\"wp-block-heading\">O programie<\/h2>\n\n\n\n<figure class=\"wp-block-image\"><img loading=\"lazy\" decoding=\"async\" width=\"1024\" height=\"158\" src=\"http:\/\/spszklarygorne.pl\/wp-content\/uploads\/2022\/09\/belka_projekty-1024x158.jpg\" alt=\"FE_PR-DS-UE_EFS-poziom-PL-kolor\" class=\"wp-image-7194\" srcset=\"https:\/\/spszklarygorne.pl\/wp-content\/uploads\/2022\/09\/belka_projekty-1024x158.jpg 1024w, https:\/\/spszklarygorne.pl\/wp-content\/uploads\/2022\/09\/belka_projekty-300x46.jpg 300w, https:\/\/spszklarygorne.pl\/wp-content\/uploads\/2022\/09\/belka_projekty-150x23.jpg 150w, https:\/\/spszklarygorne.pl\/wp-content\/uploads\/2022\/09\/belka_projekty-768x118.jpg 768w, https:\/\/spszklarygorne.pl\/wp-content\/uploads\/2022\/09\/belka_projekty-360x55.jpg 360w, https:\/\/spszklarygorne.pl\/wp-content\/uploads\/2022\/09\/belka_projekty.jpg 1343w\" sizes=\"auto, (max-width: 1024px) 100vw, 1024px\" \/><\/figure>\n\n\n\n<p>Gmina Lubin, Szko\u0142a Podstawowa Szko\u0142a Podstawowa im. Jana Brzechwy w Szklarach G\u00f3rnych &nbsp;realizuje projekt wsp\u00f3\u0142finansowany ze \u015brodk\u00f3w Unii Europejskiej w ramach Regionalnego Programu Operacyjnego Wojew\u00f3dztwa Dolno\u015bl\u0105skiego 2014 \u2013 2020 pn.: \u201eSzko\u0142a mo\u017cliwo\u015bci \u2013 wsparcie szk\u00f3\u0142 podstawowych w gminie Lubin\u201d o numerze RPDS.10.02.01-02-0061\/21.<\/p>\n\n\n\n<p>Celem projektu jest podniesienie kompetencji kluczowych oraz w\u0142a\u015bciwych postaw i umiej\u0119tno\u015bci uniwersalnych na rynku pracy u 400 uczni\u00f3w (183 uczennic i 217 uczni\u00f3w, w tym 10 os\u00f3b z niepe\u0142nosprawno\u015bci\u0105) oraz wsparcie 72 rodzic\u00f3w (60K, 12M), a tak\u017ce rozwijanie indywidualnego podej\u015bcia do uczni\u00f3w, w tym do uczni\u00f3w ze specjalnymi potrzebami edukacyjnymi i rozwojowymi ze Szk\u00f3\u0142 Podstawowych w Niemstowie, Szklarach G\u00f3rnych oraz w Krzeczynie Wielkim, w terminie do 31.07.2023 r.<\/p>\n\n\n\n<p>Informacje dotycz\u0105ce projektu, w tym wzory dokument\u00f3w, znajduj\u0105 si\u0119 na stronie internetowej Szko\u0142y Podstawowej im. Janusza Korczaka w Niemstowie: http:\/\/spniemstow.superszkolna.pl\/, Szko\u0142y Podstawowej im. Jana Brzechwy w Szklarach G\u00f3rnych: http:\/\/spszklarygorne.pl\/, Szko\u0142y Podstawowej im. Marii Konopnickiej w Krzeczynie Wielkim http:\/\/spkrzeczynwielki.pl\/, a tak\u017ce Gminy Lubin: https:\/\/ug.lubin.pl.<\/p>\n\n\n\n<p>Ca\u0142kowita warto\u015b\u0107 projektu to kwota:454 430,00 z\u0142.<\/p>\n\n\n\n<p>Dofinansowanie z UE: 364&nbsp;494,00 z\u0142.<\/p>\n\n\n\n<p><\/p>\n\n\n\n<p><a href=\"http:\/\/spszklarygorne.pl\/wp-content\/uploads\/2023\/02\/Regulamin_projektu_061.pdf\">Regulamin_projektu_061<\/a><a href=\"http:\/\/spszklarygorne.pl\/wp-content\/uploads\/2023\/02\/Regulamin_projektu_061.pdf\">Pobierz<\/a><\/p>\n\n\n\n<p><a href=\"http:\/\/spszklarygorne.pl\/wp-content\/uploads\/2023\/02\/Formularz_zgloszeniowy_uczen_061.pdf\">Formularz_zgloszeniowy_uczen_061<\/a><a href=\"http:\/\/spszklarygorne.pl\/wp-content\/uploads\/2023\/02\/Formularz_zgloszeniowy_uczen_061.pdf\">Pobierz<\/a><\/p>\n\n\n\n<p><a href=\"http:\/\/spszklarygorne.pl\/wp-content\/uploads\/2023\/02\/Formularz_zgloszeniowy_rodzic_dane_dodatkowe_monitoring_061.docx\">Formularz_zgloszeniowy_rodzic_dane_dodatkowe_monitoring_061<\/a><a href=\"http:\/\/spszklarygorne.pl\/wp-content\/uploads\/2023\/02\/Formularz_zgloszeniowy_rodzic_dane_dodatkowe_monitoring_061.docx\">Pobierz<\/a><\/p>\n\n\n\n<p><a href=\"http:\/\/spszklarygorne.pl\/wp-content\/uploads\/2023\/02\/Formularz_zgloszeniowy_rodzic_060_aktualizacja.pdf\">Formularz_zgloszeniowy_rodzic_060_aktualizacja<\/a><a href=\"http:\/\/spszklarygorne.pl\/wp-content\/uploads\/2023\/02\/Formularz_zgloszeniowy_rodzic_060_aktualizacja.pdf\">Pobierz<\/a><\/p>\n\n\n\n<figure class=\"wp-block-image\"><img loading=\"lazy\" decoding=\"async\" width=\"1024\" height=\"158\" src=\"http:\/\/spszklarygorne.pl\/wp-content\/uploads\/2022\/09\/belka_projekty-1024x158.jpg\" alt=\"FE_PR-DS-UE_EFS-poziom-PL-kolor\" class=\"wp-image-7194\" srcset=\"https:\/\/spszklarygorne.pl\/wp-content\/uploads\/2022\/09\/belka_projekty-1024x158.jpg 1024w, https:\/\/spszklarygorne.pl\/wp-content\/uploads\/2022\/09\/belka_projekty-300x46.jpg 300w, https:\/\/spszklarygorne.pl\/wp-content\/uploads\/2022\/09\/belka_projekty-150x23.jpg 150w, https:\/\/spszklarygorne.pl\/wp-content\/uploads\/2022\/09\/belka_projekty-768x118.jpg 768w, https:\/\/spszklarygorne.pl\/wp-content\/uploads\/2022\/09\/belka_projekty-360x55.jpg 360w, https:\/\/spszklarygorne.pl\/wp-content\/uploads\/2022\/09\/belka_projekty.jpg 1343w\" sizes=\"auto, (max-width: 1024px) 100vw, 1024px\" \/><\/figure>\n","protected":false},"excerpt":{"rendered":"<p>O programie Gmina Lubin, Szko\u0142a Podstawowa Szko\u0142a Podstawowa im. Jana Brzechwy w Szklarach G\u00f3rnych &nbsp;realizuje projekt wsp\u00f3\u0142finansowany ze \u015brodk\u00f3w Unii Europejskiej w ramach Regionalnego Programu Operacyjnego Wojew\u00f3dztwa Dolno\u015bl\u0105skiego 2014 \u2013 2020 pn.: \u201eSzko\u0142a mo\u017cliwo\u015bci \u2013 wsparcie szk\u00f3\u0142 podstawowych w gminie <a href=\"https:\/\/spszklarygorne.pl\/?page_id=8482\" class=\"read-more\">Czytaj dalej<\/a><\/p>\n","protected":false},"author":1,"featured_media":0,"parent":0,"menu_order":0,"comment_status":"closed","ping_status":"closed","template":"","meta":{"footnotes":""},"class_list":["post-8482","page","type-page","status-publish","hentry"],"_links":{"self":[{"href":"https:\/\/spszklarygorne.pl\/index.php?rest_route=\/wp\/v2\/pages\/8482","targetHints":{"allow":["GET"]}}],"collection":[{"href":"https:\/\/spszklarygorne.pl\/index.php?rest_route=\/wp\/v2\/pages"}],"about":[{"href":"https:\/\/spszklarygorne.pl\/index.php?rest_route=\/wp\/v2\/types\/page"}],"author":[{"embeddable":true,"href":"https:\/\/spszklarygorne.pl\/index.php?rest_route=\/wp\/v2\/users\/1"}],"replies":[{"embeddable":true,"href":"https:\/\/spszklarygorne.pl\/index.php?rest_route=%2Fwp%2Fv2%2Fcomments&post=8482"}],"version-history":[{"count":4,"href":"https:\/\/spszklarygorne.pl\/index.php?rest_route=\/wp\/v2\/pages\/8482\/revisions"}],"predecessor-version":[{"id":8487,"href":"https:\/\/spszklarygorne.pl\/index.php?rest_route=\/wp\/v2\/pages\/8482\/revisions\/8487"}],"wp:attachment":[{"href":"https:\/\/spszklarygorne.pl\/index.php?rest_route=%2Fwp%2Fv2%2Fmedia&parent=8482"}],"curies":[{"name":"wp","href":"https:\/\/api.w.org\/{rel}","templated":true}]}}