{"id":8495,"date":"2023-04-27T12:55:06","date_gmt":"2023-04-27T10:55:06","guid":{"rendered":"http:\/\/spszklarygorne.pl\/?page_id=8495"},"modified":"2023-04-27T12:56:51","modified_gmt":"2023-04-27T10:56:51","slug":"projekt-szkola-mozliwosci-wsparcie-szkol-podstawowych-w-gminie-lubin","status":"publish","type":"page","link":"https:\/\/spszklarygorne.pl\/?page_id=8495","title":{"rendered":"Projekt \u201eSzko\u0142a mo\u017cliwo\u015bci \u2013 wsparcie szk\u00f3\u0142 podstawowych w gminie Lubin\u201d"},"content":{"rendered":"\n<p><a href=\"http:\/\/spszklarygorne.pl\/?page_id=8482\">O programie<\/a><\/p>\n\n\n\n<p><a href=\"http:\/\/spszklarygorne.pl\/?page_id=8004\">Aktualno\u015bci<\/a><\/p>\n","protected":false},"excerpt":{"rendered":"<p>O programie Aktualno\u015bci<\/p>\n","protected":false},"author":1,"featured_media":0,"parent":0,"menu_order":0,"comment_status":"closed","ping_status":"closed","template":"","meta":{"footnotes":""},"class_list":["post-8495","page","type-page","status-publish","hentry"],"_links":{"self":[{"href":"https:\/\/spszklarygorne.pl\/index.php?rest_route=\/wp\/v2\/pages\/8495","targetHints":{"allow":["GET"]}}],"collection":[{"href":"https:\/\/spszklarygorne.pl\/index.php?rest_route=\/wp\/v2\/pages"}],"about":[{"href":"https:\/\/spszklarygorne.pl\/index.php?rest_route=\/wp\/v2\/types\/page"}],"author":[{"embeddable":true,"href":"https:\/\/spszklarygorne.pl\/index.php?rest_route=\/wp\/v2\/users\/1"}],"replies":[{"embeddable":true,"href":"https:\/\/spszklarygorne.pl\/index.php?rest_route=%2Fwp%2Fv2%2Fcomments&post=8495"}],"version-history":[{"count":2,"href":"https:\/\/spszklarygorne.pl\/index.php?rest_route=\/wp\/v2\/pages\/8495\/revisions"}],"predecessor-version":[{"id":8498,"href":"https:\/\/spszklarygorne.pl\/index.php?rest_route=\/wp\/v2\/pages\/8495\/revisions\/8498"}],"wp:attachment":[{"href":"https:\/\/spszklarygorne.pl\/index.php?rest_route=%2Fwp%2Fv2%2Fmedia&parent=8495"}],"curies":[{"name":"wp","href":"https:\/\/api.w.org\/{rel}","templated":true}]}}